{"id":1365,"date":"2021-02-17T10:28:36","date_gmt":"2021-02-17T10:28:36","guid":{"rendered":"https:\/\/syrau.de\/drachenhoehle\/?page_id=1365"},"modified":"2026-01-13T11:04:16","modified_gmt":"2026-01-13T11:04:16","slug":"vstupne","status":"publish","type":"page","link":"https:\/\/syrau.de\/drachenhoehle\/cs\/vstupne\/","title":{"rendered":"Vstupn\u00e9"},"content":{"rendered":"\n<p class=\"has-text-align-left\"><br><mark style=\"background-color:rgba(0, 0, 0, 0)\" class=\"has-inline-color has-vivid-red-color\"><strong>Sez\u00f3na A: od kv\u011btna do \u0159\u00edjna <\/strong><\/mark> <br>> prol\u00eddhkov\u00e1 trasa, doba prol\u00eddhky 60 min, laserov\u00e1 show<br>Pln\u00e9 11.00 \u20ac<br>D\u011btsk\u00e9 (4-14) 8.00 \u20ac<br>Sn\u00ed\u017een\u00e9 10.00 \u20ac<\/p>\n\n\n<div class=\"wp-block-image\">\n<figure class=\"alignleft is-resized\"><img loading=\"lazy\" decoding=\"async\" width=\"1000\" height=\"1327\" src=\"https:\/\/syrau.de\/drachenhoehle\/wp-content\/uploads\/OD-Gardine-scaled-e1613560390660.jpg\" alt=\"\" class=\"wp-image-1370\" style=\"width:110px;height:146px\"\/><\/figure>\n<\/div>\n\n\n<p class=\"has-text-align-left\"><mark style=\"background-color:rgba(0, 0, 0, 0)\" class=\"has-inline-color has-pale-pink-color\"><strong>Sez\u00f3na B: od listopadu do dubna<\/strong><\/mark><br>> prol\u00eddhkov\u00e1 trasa, doba prol\u00eddhky 45 min<br>Pln\u00e9 10.00 \u20ac<br>D\u011btsk\u00e9 (4-14) 7.00 \u20ac<br>Sn\u00ed\u017een\u00e9 9.00 \u20ac<br><br><\/p>\n","protected":false},"excerpt":{"rendered":"<p>Sez\u00f3na A: od kv\u011btna do \u0159\u00edjna > prol\u00eddhkov\u00e1 trasa, doba prol\u00eddhky 60 min, laserov\u00e1 showPln\u00e9 11.00 \u20acD\u011btsk\u00e9 (4-14) 8.00 \u20acSn\u00ed\u017een\u00e9 10.00 \u20ac Sez\u00f3na B: od listopadu do dubna> prol\u00eddhkov\u00e1 trasa, doba prol\u00eddhky 45 minPln\u00e9 10.00 \u20acD\u011btsk\u00e9 (4-14) 7.00 \u20acSn\u00ed\u017een\u00e9 9.00 \u20ac<\/p>\n","protected":false},"author":3,"featured_media":0,"parent":0,"menu_order":3,"comment_status":"closed","ping_status":"closed","template":"","meta":{"ngg_post_thumbnail":0,"footnotes":""},"class_list":["post-1365","page","type-page","status-publish","hentry"],"_links":{"self":[{"href":"https:\/\/syrau.de\/drachenhoehle\/wp-json\/wp\/v2\/pages\/1365","targetHints":{"allow":["GET"]}}],"collection":[{"href":"https:\/\/syrau.de\/drachenhoehle\/wp-json\/wp\/v2\/pages"}],"about":[{"href":"https:\/\/syrau.de\/drachenhoehle\/wp-json\/wp\/v2\/types\/page"}],"author":[{"embeddable":true,"href":"https:\/\/syrau.de\/drachenhoehle\/wp-json\/wp\/v2\/users\/3"}],"replies":[{"embeddable":true,"href":"https:\/\/syrau.de\/drachenhoehle\/wp-json\/wp\/v2\/comments?post=1365"}],"version-history":[{"count":8,"href":"https:\/\/syrau.de\/drachenhoehle\/wp-json\/wp\/v2\/pages\/1365\/revisions"}],"predecessor-version":[{"id":2824,"href":"https:\/\/syrau.de\/drachenhoehle\/wp-json\/wp\/v2\/pages\/1365\/revisions\/2824"}],"wp:attachment":[{"href":"https:\/\/syrau.de\/drachenhoehle\/wp-json\/wp\/v2\/media?parent=1365"}],"curies":[{"name":"wp","href":"https:\/\/api.w.org\/{rel}","templated":true}]}}