{"id":22,"date":"2017-06-20T10:31:29","date_gmt":"2017-06-20T10:31:29","guid":{"rendered":"http:\/\/syrau.de\/drachenhoehle\/?page_id=22"},"modified":"2026-04-08T11:30:52","modified_gmt":"2026-04-08T11:30:52","slug":"anfahrt","status":"publish","type":"page","link":"https:\/\/syrau.de\/drachenhoehle\/anfahrt\/","title":{"rendered":"Anfahrt"},"content":{"rendered":"\n<p class=\"has-medium-font-size\"><strong><mark style=\"background-color:rgba(0, 0, 0, 0)\" class=\"has-inline-color has-vivid-green-cyan-color\">AKTUELL STEHEN WEGEN EINER GRO\u00dfBAUSTELLE NUR BESCHR\u00c4NKT PARKPL\u00c4TZE ZUR VERF\u00dcGUNG:<\/mark><\/strong><\/p>\n\n\n\n<blockquote class=\"wp-block-quote is-layout-flow wp-block-quote-is-layout-flow\">\n<p>Ortseingang aus Richt. Plauen<br>im Ort auf der Bahnhofstra\u00dfe <br><mark style=\"background-color:rgba(0, 0, 0, 0)\" class=\"has-inline-color has-vivid-red-color\">FOLGEN SIE DER AUSSCHILDERUNG F\u00dcR PKW ODER BUSSE<\/mark><\/p>\n<\/blockquote>\n\n\n\n<p>ANFAHRT ZUG<\/p>\n\n\n\n<p>ANFAHRT \u00d6FFENTL. VERKEHRSMITTEL<\/p>\n","protected":false},"excerpt":{"rendered":"<p>AKTUELL STEHEN WEGEN EINER GRO\u00dfBAUSTELLE NUR BESCHR\u00c4NKT PARKPL\u00c4TZE ZUR VERF\u00dcGUNG: Ortseingang aus Richt. Plauenim Ort auf der Bahnhofstra\u00dfe FOLGEN SIE DER AUSSCHILDERUNG F\u00dcR PKW ODER BUSSE ANFAHRT ZUG ANFAHRT \u00d6FFENTL. VERKEHRSMITTEL<\/p>\n","protected":false},"author":1,"featured_media":0,"parent":0,"menu_order":4,"comment_status":"closed","ping_status":"closed","template":"","meta":{"ngg_post_thumbnail":0,"footnotes":""},"class_list":["post-22","page","type-page","status-publish","hentry"],"_links":{"self":[{"href":"https:\/\/syrau.de\/drachenhoehle\/wp-json\/wp\/v2\/pages\/22","targetHints":{"allow":["GET"]}}],"collection":[{"href":"https:\/\/syrau.de\/drachenhoehle\/wp-json\/wp\/v2\/pages"}],"about":[{"href":"https:\/\/syrau.de\/drachenhoehle\/wp-json\/wp\/v2\/types\/page"}],"author":[{"embeddable":true,"href":"https:\/\/syrau.de\/drachenhoehle\/wp-json\/wp\/v2\/users\/1"}],"replies":[{"embeddable":true,"href":"https:\/\/syrau.de\/drachenhoehle\/wp-json\/wp\/v2\/comments?post=22"}],"version-history":[{"count":13,"href":"https:\/\/syrau.de\/drachenhoehle\/wp-json\/wp\/v2\/pages\/22\/revisions"}],"predecessor-version":[{"id":2845,"href":"https:\/\/syrau.de\/drachenhoehle\/wp-json\/wp\/v2\/pages\/22\/revisions\/2845"}],"wp:attachment":[{"href":"https:\/\/syrau.de\/drachenhoehle\/wp-json\/wp\/v2\/media?parent=22"}],"curies":[{"name":"wp","href":"https:\/\/api.w.org\/{rel}","templated":true}]}}