{"id":24,"date":"2017-06-20T10:31:37","date_gmt":"2017-06-20T10:31:37","guid":{"rendered":"http:\/\/syrau.de\/drachenhoehle\/?page_id=24"},"modified":"2026-01-19T09:27:44","modified_gmt":"2026-01-19T09:27:44","slug":"preise","status":"publish","type":"page","link":"https:\/\/syrau.de\/drachenhoehle\/preise\/","title":{"rendered":"Preise"},"content":{"rendered":"<p><em><strong><span style=\"color: #ff6600;\">Die Preise enthalten (ab 2026):&nbsp;&nbsp;&nbsp;&nbsp;&nbsp;&nbsp;&nbsp;&nbsp;&nbsp;&nbsp;&nbsp;&nbsp;&nbsp;&nbsp;&nbsp;&nbsp;&nbsp;&nbsp;&nbsp;&nbsp;&nbsp;&nbsp;&nbsp;&nbsp;&nbsp;&nbsp;&nbsp;&nbsp;&nbsp;&nbsp;&nbsp;&nbsp;&nbsp;&nbsp;&nbsp;&nbsp;&nbsp;&nbsp;&nbsp;&nbsp;&nbsp;&nbsp;&nbsp;&nbsp;&nbsp;&nbsp;&nbsp;&nbsp;&nbsp;&nbsp;&nbsp;&nbsp;&nbsp;&nbsp;&nbsp;&nbsp;&nbsp;&nbsp;&nbsp;&nbsp;&nbsp;&nbsp;&nbsp;&nbsp;&nbsp;&nbsp;&nbsp;&nbsp;&nbsp;&nbsp;&nbsp;&nbsp;&nbsp;&nbsp;&nbsp;&nbsp;&nbsp;&nbsp;&nbsp;&nbsp;&nbsp;&nbsp; <img loading=\"lazy\" decoding=\"async\" class=\"wp-image-2312 alignright\" src=\"https:\/\/syrau.de\/drachenhoehle\/wp-content\/uploads\/ec-logo.png\" alt=\"\" width=\"106\" height=\"127\"><\/span> <\/strong><\/em><br>\u21d2H\u00f6hlenbesichtigung inklusive F\u00fchrung<br>&nbsp; &nbsp;&nbsp; <span style=\"color: #000000;\">\u2192<\/span><strong><span style=\"color: #ff6600;\">in der Nebensaison musikalisches Lichtspiel (bis 24.04.2026)<\/span><\/strong><span style=\"color: #000000;\"><br><\/span>&nbsp;&nbsp;&nbsp;&nbsp; <span style=\"color: #000000;\">\u2192zus\u00e4tzlich Lasershow in der Hauptsaison (ab 25.04.2026)<\/span><br>\u21d2Nutzung TerraVaris &#8211; Erlebnis Erdgeschichte<br>&nbsp;&nbsp;&nbsp;&nbsp; \u2192Erlebnisgarten am H\u00f6hlenausgang mit Aktiv-Stationen<br>&nbsp;&nbsp;&nbsp;&nbsp; \u2192Ausstellungsbereich mit H\u00f6hlenfilm im Eingangsgeb\u00e4ude&nbsp;&nbsp;&nbsp; <span style=\"color: #0000ff;\"><em><br><\/em><\/span><\/p>\n<table style=\"height: 574px;\" border=\"0\" width=\"694\" frame=\"hsides\">\n<tbody>\n<tr>\n<td>&nbsp;<\/td>\n<td style=\"text-align: center;\" valign=\"top\">\n<p><span style=\"color: #ff0000;\"><strong>Nebensaison<br><em>ab 31.01.2026<\/em><br>F\u00fchrung ohne Lasershow&nbsp;<\/strong><\/span><\/p>\n<\/td>\n<td style=\"text-align: left;\" valign=\"top\">\n<p><span style=\"color: #000000;\">Hauptsaison<\/span><br><span style=\"color: #000000;\">ab 25.04.2026<\/span><br><span style=\"color: #000000;\">F\u00fchrung mit<\/span><br><span style=\"color: #000000;\">Lasershow<\/span><\/p>\n<\/td>\n<\/tr>\n<tr>\n<td>Erwachsene<\/td>\n<td style=\"text-align: center;\"><strong><span style=\"color: #ff0000;\">10,00 \u20ac<\/span><\/strong><\/td>\n<td><span style=\"color: #000000;\">11,00 \u20ac<\/span><\/td>\n<\/tr>\n<tr>\n<td>Kinder\n<p>(4-14 Jahre, unter 4 Jahre frei)<\/p>\n<\/td>\n<td style=\"text-align: center;\"><strong><span style=\"color: #ff0000;\">7,00 \u20ac<\/span><\/strong><\/td>\n<td><span style=\"color: #000000;\">8,00 \u20ac<\/span><\/td>\n<\/tr>\n<tr>\n<td>Familienkarte\n<p>(2 Erwachsene (Eltern <strong><em>oder<\/em> <\/strong>Gro\u00dfeltern)+2-3 Ki.4-14 J.)<\/p>\n<\/td>\n<td style=\"text-align: center;\"><strong><span style=\"color: #ff0000;\">28,00 \u20ac<\/span><\/strong><\/td>\n<td><span style=\"color: #000000;\">33,00 \u20ac<\/span><\/td>\n<\/tr>\n<tr>\n<td valign=\"middle\"><strong>FOTOERLAUBNIS<br><\/strong><\/td>\n<td style=\"text-align: center;\" align=\"center\" valign=\"middle\"><strong><span style=\"color: #ff0000;\">im Eintritt inklusive<\/span><span style=\"color: #ff6600;\"><br><\/span><\/strong><\/td>\n<td style=\"text-align: left;\" align=\"center\" valign=\"middle\"><span style=\"color: #000000;\">im Eintritt inklusive<\/span><\/td>\n<\/tr>\n<tr>\n<td><span style=\"color: #ff0000;\"><em>Gruppenpreise ab 15 Personen<\/em><\/span><br><span style=\"color: #ff0000;\"><em> (vom Reiseleiter zu entrichten)<\/em><\/span><strong><br><\/strong><\/td>\n<td>&nbsp;<\/td>\n<td>&nbsp;<\/td>\n<\/tr>\n<tr>\n<td>Erwachsene<\/td>\n<td style=\"text-align: center;\"><strong><span style=\"color: #ff0000;\">9,00 \u20ac<\/span><\/strong><\/td>\n<td><span style=\"color: #000000;\">10,00 \u20ac<\/span><\/td>\n<\/tr>\n<tr>\n<td>Kinder<\/td>\n<td style=\"text-align: center;\"><strong><span style=\"color: #ff0000;\">6,00 \u20ac<\/span><\/strong><\/td>\n<td><span style=\"color: #000000;\">7,00 \u20ac<\/span><\/td>\n<\/tr>\n<\/tbody>\n<\/table>\n\n\n<p><\/p>\n","protected":false},"excerpt":{"rendered":"<p>Die Preise enthalten (ab 2026):&nbsp;&nbsp;&nbsp;&nbsp;&nbsp;&nbsp;&nbsp;&nbsp;&nbsp;&nbsp;&nbsp;&nbsp;&nbsp;&nbsp;&nbsp;&nbsp;&nbsp;&nbsp;&nbsp;&nbsp;&nbsp;&nbsp;&nbsp;&nbsp;&nbsp;&nbsp;&nbsp;&nbsp;&nbsp;&nbsp;&nbsp;&nbsp;&nbsp;&nbsp;&nbsp;&nbsp;&nbsp;&nbsp;&nbsp;&nbsp;&nbsp;&nbsp;&nbsp;&nbsp;&nbsp;&nbsp;&nbsp;&nbsp;&nbsp;&nbsp;&nbsp;&nbsp;&nbsp;&nbsp;&nbsp;&nbsp;&nbsp;&nbsp;&nbsp;&nbsp;&nbsp;&nbsp;&nbsp;&nbsp;&nbsp;&nbsp;&nbsp;&nbsp;&nbsp;&nbsp;&nbsp;&nbsp;&nbsp;&nbsp;&nbsp;&nbsp;&nbsp;&nbsp;&nbsp;&nbsp;&nbsp;&nbsp; \u21d2H\u00f6hlenbesichtigung inklusive F\u00fchrung&nbsp; &nbsp;&nbsp; \u2192in der Nebensaison musikalisches Lichtspiel (bis 24.04.2026)&nbsp;&nbsp;&nbsp;&nbsp; \u2192zus\u00e4tzlich Lasershow in der Hauptsaison (ab 25.04.2026)\u21d2Nutzung TerraVaris &#8211; Erlebnis Erdgeschichte&nbsp;&nbsp;&nbsp;&nbsp; \u2192Erlebnisgarten am H\u00f6hlenausgang mit Aktiv-Stationen&nbsp;&nbsp;&nbsp;&nbsp; \u2192Ausstellungsbereich mit H\u00f6hlenfilm im Eingangsgeb\u00e4ude&nbsp;&nbsp;&nbsp; &nbsp; Nebensaisonab 31.01.2026F\u00fchrung ohne Lasershow&nbsp; Hauptsaisonab 25.04.2026F\u00fchrung mitLasershow Erwachsene 10,00 \u20ac 11,00 \u20ac Kinder (4-14 Jahre, unter 4 &hellip; <\/p>\n<p class=\"link-more\"><a href=\"https:\/\/syrau.de\/drachenhoehle\/preise\/\" class=\"more-link\"><span class=\"screen-reader-text\">\u201ePreise\u201c <\/span>weiterlesen<\/a><\/p>\n","protected":false},"author":1,"featured_media":0,"parent":0,"menu_order":3,"comment_status":"closed","ping_status":"closed","template":"","meta":{"ngg_post_thumbnail":0,"footnotes":""},"class_list":["post-24","page","type-page","status-publish","hentry"],"_links":{"self":[{"href":"https:\/\/syrau.de\/drachenhoehle\/wp-json\/wp\/v2\/pages\/24","targetHints":{"allow":["GET"]}}],"collection":[{"href":"https:\/\/syrau.de\/drachenhoehle\/wp-json\/wp\/v2\/pages"}],"about":[{"href":"https:\/\/syrau.de\/drachenhoehle\/wp-json\/wp\/v2\/types\/page"}],"author":[{"embeddable":true,"href":"https:\/\/syrau.de\/drachenhoehle\/wp-json\/wp\/v2\/users\/1"}],"replies":[{"embeddable":true,"href":"https:\/\/syrau.de\/drachenhoehle\/wp-json\/wp\/v2\/comments?post=24"}],"version-history":[{"count":88,"href":"https:\/\/syrau.de\/drachenhoehle\/wp-json\/wp\/v2\/pages\/24\/revisions"}],"predecessor-version":[{"id":2826,"href":"https:\/\/syrau.de\/drachenhoehle\/wp-json\/wp\/v2\/pages\/24\/revisions\/2826"}],"wp:attachment":[{"href":"https:\/\/syrau.de\/drachenhoehle\/wp-json\/wp\/v2\/media?parent=24"}],"curies":[{"name":"wp","href":"https:\/\/api.w.org\/{rel}","templated":true}]}}