{"id":28,"date":"2017-06-20T10:31:58","date_gmt":"2017-06-20T10:31:58","guid":{"rendered":"http:\/\/syrau.de\/drachenhoehle\/?page_id=28"},"modified":"2017-09-05T15:04:24","modified_gmt":"2017-09-05T15:04:24","slug":"terra-varis","status":"publish","type":"page","link":"https:\/\/syrau.de\/drachenhoehle\/terra-varis\/","title":{"rendered":"Terra Varis"},"content":{"rendered":"<p>Unter diesem Motto m\u00f6chte das Team der Drachenh\u00f6hle \/ Windm\u00fchle Syrau dem Besucher das Entstehen und die Entwicklung unserer \u201eMutter Erde\u201c n\u00e4her bringen.<\/p>\n<p><img loading=\"lazy\" decoding=\"async\" class=\"alignnone wp-image-250 size-full\" src=\"http:\/\/syrau.de\/drachenhoehle\/wp-content\/uploads\/TerraVarisSchriftzug3.jpg\" alt=\"\" width=\"2598\" height=\"189\" srcset=\"https:\/\/syrau.de\/drachenhoehle\/wp-content\/uploads\/TerraVarisSchriftzug3.jpg 2598w, https:\/\/syrau.de\/drachenhoehle\/wp-content\/uploads\/TerraVarisSchriftzug3-300x22.jpg 300w, https:\/\/syrau.de\/drachenhoehle\/wp-content\/uploads\/TerraVarisSchriftzug3-768x56.jpg 768w, https:\/\/syrau.de\/drachenhoehle\/wp-content\/uploads\/TerraVarisSchriftzug3-1024x74.jpg 1024w\" sizes=\"auto, (max-width: 767px) 89vw, (max-width: 1000px) 54vw, (max-width: 1071px) 543px, 580px\" \/><\/p>\n<p>Der Name leitet sich zum einen aus dem Lateinischen <strong>TERRA = Erde<\/strong> her. Zum anderen steht <strong>VARIS f\u00fcr das \u201e<\/strong><span style=\"color: #d6923e;\">variszische Gebirge<\/span>\u201c. Das vor etwa 400-220 Mio Jahren aufgefaltete, rund 500&nbsp;km breite Hochgebirge reichte von den Sudeten \u00fcber S\u00fcdbelgien und Frankreich bis nach Wales und bildet den Kern der mitteleurop\u00e4ischen Mittelgebirge .<\/p>\n<p>Eine Weiterf\u00fchrung erfolgte 2011 mit der Er\u00f6ffnung des Erlebnisgarten im H\u00f6hlenpark. Unter dem Motto TerraViva &#8211; Lebendige Erde k\u00f6nnen besonders die kleinen Besucher der Erdgeschichte n\u00e4her kommen. Hier geht es zu den pr\u00e4genden Elementen <a href=\"http:\/\/syrau.de\/drachenhoehle\/terra-varis\/erde\/\">Erde<\/a>, <a href=\"http:\/\/syrau.de\/drachenhoehle\/terra-varis\/feuer\/\">Feuer<\/a>, <a href=\"http:\/\/syrau.de\/drachenhoehle\/terra-varis\/luft\/\">Luft <\/a>und <a href=\"http:\/\/syrau.de\/drachenhoehle\/terra-varis\/wasser\/\">Wasser<\/a>.<\/p>\n<p><em>Gef\u00f6rdert im Rahmen des Projektes: Netzwerk Vogtl\u00e4ndisches M\u00fchlenviertel &#8211; Terra Varis &#8211; Erlebnis Erdgeschichte<\/em><\/p>\n","protected":false},"excerpt":{"rendered":"<p>Unter diesem Motto m\u00f6chte das Team der Drachenh\u00f6hle \/ Windm\u00fchle Syrau dem Besucher das Entstehen und die Entwicklung unserer \u201eMutter Erde\u201c n\u00e4her bringen. Der Name leitet sich zum einen aus dem Lateinischen TERRA = Erde her. Zum anderen steht VARIS f\u00fcr das \u201evariszische Gebirge\u201c. Das vor etwa 400-220 Mio Jahren aufgefaltete, rund 500&nbsp;km breite Hochgebirge &hellip; <\/p>\n<p class=\"link-more\"><a href=\"https:\/\/syrau.de\/drachenhoehle\/terra-varis\/\" class=\"more-link\"><span class=\"screen-reader-text\">\u201eTerra Varis\u201c <\/span>weiterlesen<\/a><\/p>\n","protected":false},"author":1,"featured_media":0,"parent":0,"menu_order":8,"comment_status":"closed","ping_status":"closed","template":"","meta":{"ngg_post_thumbnail":0,"footnotes":""},"class_list":["post-28","page","type-page","status-publish","hentry"],"_links":{"self":[{"href":"https:\/\/syrau.de\/drachenhoehle\/wp-json\/wp\/v2\/pages\/28","targetHints":{"allow":["GET"]}}],"collection":[{"href":"https:\/\/syrau.de\/drachenhoehle\/wp-json\/wp\/v2\/pages"}],"about":[{"href":"https:\/\/syrau.de\/drachenhoehle\/wp-json\/wp\/v2\/types\/page"}],"author":[{"embeddable":true,"href":"https:\/\/syrau.de\/drachenhoehle\/wp-json\/wp\/v2\/users\/1"}],"replies":[{"embeddable":true,"href":"https:\/\/syrau.de\/drachenhoehle\/wp-json\/wp\/v2\/comments?post=28"}],"version-history":[{"count":12,"href":"https:\/\/syrau.de\/drachenhoehle\/wp-json\/wp\/v2\/pages\/28\/revisions"}],"predecessor-version":[{"id":735,"href":"https:\/\/syrau.de\/drachenhoehle\/wp-json\/wp\/v2\/pages\/28\/revisions\/735"}],"wp:attachment":[{"href":"https:\/\/syrau.de\/drachenhoehle\/wp-json\/wp\/v2\/media?parent=28"}],"curies":[{"name":"wp","href":"https:\/\/api.w.org\/{rel}","templated":true}]}}