{"id":32,"date":"2017-06-20T10:32:46","date_gmt":"2017-06-20T10:32:46","guid":{"rendered":"http:\/\/syrau.de\/drachenhoehle\/?page_id=32"},"modified":"2017-09-11T13:02:35","modified_gmt":"2017-09-11T13:02:35","slug":"geschichte-geologie","status":"publish","type":"page","link":"https:\/\/syrau.de\/drachenhoehle\/geschichte-geologie\/","title":{"rendered":"Geschichte \/ Geologie"},"content":{"rendered":"<p><strong>Die Entdeckung<\/strong><\/p>\n<p>Die Drachenh\u00f6hle wurde am 14. M\u00e4rz 1928 vom Steinbruchmeister Ludwig Undeutsch durch Zufall bei seiner Arbeit im Syrauer Kalksteinburch entdeckt. Es wurden damals gerade die Vorbereitungen f\u00fcr ein neues Bohrloch getroffen, als der Mei\u00dfel in der Tiefe verschwand. Diese Spalte wurde erweitert und der Sohn des Bruchmeisters, Willy Undeutsch, stieg in diese Spalte hinab. Er entdeckte damals den gr\u00f6\u00dften Raum der H\u00f6hle, die sogenannte &#8222;Walhalla&#8220;.<\/p>\n<p>Innerhalb von nur einer Woche hatte sich die Gemeinde Syrau f\u00fcr den Ausbau der H\u00f6hle entschlossen und diesen in einem knappen halben Jahr vollendet. Bereits am 28.September 1928 konnte die H\u00f6hle f\u00fcr die Besucher freigegeben werden.<\/p>\nngg_shortcode_0_placeholder\n<div id=\"myImageFlow\" class=\"imageflow\">&nbsp;<\/div>\n","protected":false},"excerpt":{"rendered":"<p>Die Entdeckung Die Drachenh\u00f6hle wurde am 14. M\u00e4rz 1928 vom Steinbruchmeister Ludwig Undeutsch durch Zufall bei seiner Arbeit im Syrauer Kalksteinburch entdeckt. Es wurden damals gerade die Vorbereitungen f\u00fcr ein neues Bohrloch getroffen, als der Mei\u00dfel in der Tiefe verschwand. Diese Spalte wurde erweitert und der Sohn des Bruchmeisters, Willy Undeutsch, stieg in diese Spalte &hellip; <\/p>\n<p class=\"link-more\"><a href=\"https:\/\/syrau.de\/drachenhoehle\/geschichte-geologie\/\" class=\"more-link\"><span class=\"screen-reader-text\">\u201eGeschichte \/ Geologie\u201c <\/span>weiterlesen<\/a><\/p>\n","protected":false},"author":1,"featured_media":0,"parent":0,"menu_order":9,"comment_status":"closed","ping_status":"closed","template":"","meta":{"ngg_post_thumbnail":0,"footnotes":""},"class_list":["post-32","page","type-page","status-publish","hentry"],"_links":{"self":[{"href":"https:\/\/syrau.de\/drachenhoehle\/wp-json\/wp\/v2\/pages\/32","targetHints":{"allow":["GET"]}}],"collection":[{"href":"https:\/\/syrau.de\/drachenhoehle\/wp-json\/wp\/v2\/pages"}],"about":[{"href":"https:\/\/syrau.de\/drachenhoehle\/wp-json\/wp\/v2\/types\/page"}],"author":[{"embeddable":true,"href":"https:\/\/syrau.de\/drachenhoehle\/wp-json\/wp\/v2\/users\/1"}],"replies":[{"embeddable":true,"href":"https:\/\/syrau.de\/drachenhoehle\/wp-json\/wp\/v2\/comments?post=32"}],"version-history":[{"count":6,"href":"https:\/\/syrau.de\/drachenhoehle\/wp-json\/wp\/v2\/pages\/32\/revisions"}],"predecessor-version":[{"id":800,"href":"https:\/\/syrau.de\/drachenhoehle\/wp-json\/wp\/v2\/pages\/32\/revisions\/800"}],"wp:attachment":[{"href":"https:\/\/syrau.de\/drachenhoehle\/wp-json\/wp\/v2\/media?parent=32"}],"curies":[{"name":"wp","href":"https:\/\/api.w.org\/{rel}","templated":true}]}}