{"id":34,"date":"2017-06-20T10:32:55","date_gmt":"2017-06-20T10:32:55","guid":{"rendered":"http:\/\/syrau.de\/drachenhoehle\/?page_id=34"},"modified":"2022-09-16T15:15:51","modified_gmt":"2022-09-16T15:15:51","slug":"hoehlenpark","status":"publish","type":"page","link":"https:\/\/syrau.de\/drachenhoehle\/hoehlenpark\/","title":{"rendered":"H\u00f6hlenpark"},"content":{"rendered":"<p><a href=\"https:\/\/syrau.de\/drachenhoehle\/projekt-beleuchtung\/\">Nach \u00fcber 90 Jahren Bestehen erfolgte die Umgestaltung unseres \u00f6ffentlichen H\u00f6hlenparks.<\/a><\/p>\n<p>\u00dcber der Drachenh\u00f6hle erstreckt sich auf etwa 2 ha der H\u00f6hlenpark. Der ehemalige Steinbruch wurde im Laufe der Jahre in einen sch\u00f6nen Park verwandelt.<br \/>\nEine Freilichtb\u00fchne(mietbar), die Pulverh\u00fctte (mietbar) und Erkundungspl\u00e4tze sind hier vereint. <em><strong>F\u00fcr die Mietoption bitte Anfrage an den Eigenbetrieb stellen.<\/strong><\/em><\/p>\n<p>ngg_shortcode_0_placeholderSeit August 2011 gibt es im H\u00f6hlenpark auch einen <strong><span style=\"color: #003300;\"><a style=\"color: #003300;\" href=\"https:\/\/syrau.de\/drachenhoehle\/hoehlenpark\/erlebnisgarten\/\">Erlebnisgarten<\/a><\/span><\/strong>. Hier kann man auf spielerische Weise sein Wissen \u00fcber die Erde, die Gesteine und rund um die H\u00f6hle testen und erweitern. Der Kiosk am H\u00f6hlenausgang (ge\u00f6ffnet von Ostern bis Oktober), das Caf\u00e9 Syrau und das Haus Vogtland sind nur einige der Einrichtungen, wo man seinen Hunger stillen kann.<\/p>\n<div id=\"myImageFlow\" class=\"imageflow\">&nbsp;<\/div>\n","protected":false},"excerpt":{"rendered":"<p>Nach \u00fcber 90 Jahren Bestehen erfolgte die Umgestaltung unseres \u00f6ffentlichen H\u00f6hlenparks. \u00dcber der Drachenh\u00f6hle erstreckt sich auf etwa 2 ha der H\u00f6hlenpark. Der ehemalige Steinbruch wurde im Laufe der Jahre in einen sch\u00f6nen Park verwandelt. Eine Freilichtb\u00fchne(mietbar), die Pulverh\u00fctte (mietbar) und Erkundungspl\u00e4tze sind hier vereint. F\u00fcr die Mietoption bitte Anfrage an den Eigenbetrieb stellen. Seit &hellip; <\/p>\n<p class=\"link-more\"><a href=\"https:\/\/syrau.de\/drachenhoehle\/hoehlenpark\/\" class=\"more-link\"><span class=\"screen-reader-text\">\u201eH\u00f6hlenpark\u201c <\/span>weiterlesen<\/a><\/p>\n","protected":false},"author":1,"featured_media":0,"parent":0,"menu_order":7,"comment_status":"closed","ping_status":"closed","template":"","meta":{"ngg_post_thumbnail":0,"footnotes":""},"class_list":["post-34","page","type-page","status-publish","hentry"],"_links":{"self":[{"href":"https:\/\/syrau.de\/drachenhoehle\/wp-json\/wp\/v2\/pages\/34","targetHints":{"allow":["GET"]}}],"collection":[{"href":"https:\/\/syrau.de\/drachenhoehle\/wp-json\/wp\/v2\/pages"}],"about":[{"href":"https:\/\/syrau.de\/drachenhoehle\/wp-json\/wp\/v2\/types\/page"}],"author":[{"embeddable":true,"href":"https:\/\/syrau.de\/drachenhoehle\/wp-json\/wp\/v2\/users\/1"}],"replies":[{"embeddable":true,"href":"https:\/\/syrau.de\/drachenhoehle\/wp-json\/wp\/v2\/comments?post=34"}],"version-history":[{"count":22,"href":"https:\/\/syrau.de\/drachenhoehle\/wp-json\/wp\/v2\/pages\/34\/revisions"}],"predecessor-version":[{"id":1967,"href":"https:\/\/syrau.de\/drachenhoehle\/wp-json\/wp\/v2\/pages\/34\/revisions\/1967"}],"wp:attachment":[{"href":"https:\/\/syrau.de\/drachenhoehle\/wp-json\/wp\/v2\/media?parent=34"}],"curies":[{"name":"wp","href":"https:\/\/api.w.org\/{rel}","templated":true}]}}