{"id":41,"date":"2017-06-20T10:37:32","date_gmt":"2017-06-20T10:37:32","guid":{"rendered":"http:\/\/syrau.de\/drachenhoehle\/?page_id=41"},"modified":"2017-09-11T12:54:36","modified_gmt":"2017-09-11T12:54:36","slug":"gutscheine","status":"publish","type":"page","link":"https:\/\/syrau.de\/drachenhoehle\/gutscheine\/","title":{"rendered":"Gutscheine"},"content":{"rendered":"<h2><em><strong>&#8222;Zeit zusammen&#8220; verschenken!<\/strong><\/em><\/h2>\n<p>Mit einer Eintrittskarte f\u00fcr Drachenh\u00f6hle\/ Windm\u00fchle liegt man immer richtig. Verschenken Sie Zeit f\u00fcr einen tollen Ausflug mit der Familie, wetterunabh\u00e4ngig und immer ein beeindruckendes Erlebnis.<\/p>\n<p>Bestellen Sie telefonisch oder per E-Mail \ud83d\ude42<\/p>\nngg_shortcode_0_placeholder\n<p>&nbsp;<\/p>\n","protected":false},"excerpt":{"rendered":"<p>&#8222;Zeit zusammen&#8220; verschenken! Mit einer Eintrittskarte f\u00fcr Drachenh\u00f6hle\/ Windm\u00fchle liegt man immer richtig. Verschenken Sie Zeit f\u00fcr einen tollen Ausflug mit der Familie, wetterunabh\u00e4ngig und immer ein beeindruckendes Erlebnis. Bestellen Sie telefonisch oder per E-Mail \ud83d\ude42 &#8220; order_by=&#8220;sortorder&#8220; order_direction=&#8220;ASC&#8220; returns=&#8220;included&#8220; maximum_entity_count=&#8220;500&#8243;] &nbsp;<\/p>\n","protected":false},"author":1,"featured_media":0,"parent":0,"menu_order":11,"comment_status":"closed","ping_status":"closed","template":"","meta":{"ngg_post_thumbnail":0,"footnotes":""},"class_list":["post-41","page","type-page","status-publish","hentry"],"_links":{"self":[{"href":"https:\/\/syrau.de\/drachenhoehle\/wp-json\/wp\/v2\/pages\/41","targetHints":{"allow":["GET"]}}],"collection":[{"href":"https:\/\/syrau.de\/drachenhoehle\/wp-json\/wp\/v2\/pages"}],"about":[{"href":"https:\/\/syrau.de\/drachenhoehle\/wp-json\/wp\/v2\/types\/page"}],"author":[{"embeddable":true,"href":"https:\/\/syrau.de\/drachenhoehle\/wp-json\/wp\/v2\/users\/1"}],"replies":[{"embeddable":true,"href":"https:\/\/syrau.de\/drachenhoehle\/wp-json\/wp\/v2\/comments?post=41"}],"version-history":[{"count":17,"href":"https:\/\/syrau.de\/drachenhoehle\/wp-json\/wp\/v2\/pages\/41\/revisions"}],"predecessor-version":[{"id":788,"href":"https:\/\/syrau.de\/drachenhoehle\/wp-json\/wp\/v2\/pages\/41\/revisions\/788"}],"wp:attachment":[{"href":"https:\/\/syrau.de\/drachenhoehle\/wp-json\/wp\/v2\/media?parent=41"}],"curies":[{"name":"wp","href":"https:\/\/api.w.org\/{rel}","templated":true}]}}