{"id":428,"date":"2017-08-25T14:40:53","date_gmt":"2017-08-25T14:40:53","guid":{"rendered":"http:\/\/syrau.de\/drachenhoehle\/?page_id=428"},"modified":"2025-03-04T10:22:07","modified_gmt":"2025-03-04T10:22:07","slug":"impressum","status":"publish","type":"page","link":"https:\/\/syrau.de\/drachenhoehle\/impressum\/","title":{"rendered":"Impressum"},"content":{"rendered":"<p><strong>Eigenbetrieb Drachenh\u00f6hle Windm\u00fchle Syrau<br \/>\n<\/strong><\/p>\n<p>H\u00f6hlenberg 10<br \/>\n08548 Rosenbach\/ Vogtl. OT Syrau<br \/>\nTel.: &nbsp;0049(0)37431\/3735<br \/>\nFax.: 0049(0)37431\/877767<br \/>\nE-mail: <a href=\"mailto:info@syrau.de\">info@syrau.de<br \/>\n<\/a>Internet: https:\/\/www.syrau.de oder https:\/\/www.drachenhoehle.de<\/p>\n<p>Rechtstr\u00e4ger: Gemeinde Rosenbach\/ Vogtl.<br \/>\nBetriebsleiterin: Manuela Schindler<\/p>\n<p>Zust\u00e4ndige Aufsichtsbeh\u00f6rde: Landratsamt Vogtlandkreis, Kommunalamt<br \/>\nPostplatz 5<br \/>\n08523&nbsp;Plauen<br \/>\nTel.: +49 (0)3741 300-0<\/p>\n<p>Steuer-Nummer: 223\/144\/02956<br \/>\nFinanzamt Plauen<\/p>\n<p>Gemeinn\u00fctzigkeit:<br \/>\nMit Freistellungsbescheid vom 15.09.2021 wurde der Eigenbetrieb Drachenh\u00f6hle Windm\u00fchle Syrau von der Gewerbe- und K\u00f6rperschaftssteuer befreit, da er ausschlie\u00dflich und unmittelbar steuerbeg\u00fcnstigten gemeinn\u00fctzigen Zwecken dient.<\/p>\n","protected":false},"excerpt":{"rendered":"<p>Eigenbetrieb Drachenh\u00f6hle Windm\u00fchle Syrau H\u00f6hlenberg 10 08548 Rosenbach\/ Vogtl. OT Syrau Tel.: &nbsp;0049(0)37431\/3735 Fax.: 0049(0)37431\/877767 E-mail: info@syrau.de Internet: https:\/\/www.syrau.de oder https:\/\/www.drachenhoehle.de Rechtstr\u00e4ger: Gemeinde Rosenbach\/ Vogtl. Betriebsleiterin: Manuela Schindler Zust\u00e4ndige Aufsichtsbeh\u00f6rde: Landratsamt Vogtlandkreis, Kommunalamt Postplatz 5 08523&nbsp;Plauen Tel.: +49 (0)3741 300-0 Steuer-Nummer: 223\/144\/02956 Finanzamt Plauen Gemeinn\u00fctzigkeit: Mit Freistellungsbescheid vom 15.09.2021 wurde der Eigenbetrieb Drachenh\u00f6hle Windm\u00fchle Syrau &hellip; <\/p>\n<p class=\"link-more\"><a href=\"https:\/\/syrau.de\/drachenhoehle\/impressum\/\" class=\"more-link\"><span class=\"screen-reader-text\">\u201eImpressum\u201c <\/span>weiterlesen<\/a><\/p>\n","protected":false},"author":1,"featured_media":0,"parent":0,"menu_order":20,"comment_status":"closed","ping_status":"closed","template":"","meta":{"ngg_post_thumbnail":0,"footnotes":""},"class_list":["post-428","page","type-page","status-publish","hentry"],"_links":{"self":[{"href":"https:\/\/syrau.de\/drachenhoehle\/wp-json\/wp\/v2\/pages\/428","targetHints":{"allow":["GET"]}}],"collection":[{"href":"https:\/\/syrau.de\/drachenhoehle\/wp-json\/wp\/v2\/pages"}],"about":[{"href":"https:\/\/syrau.de\/drachenhoehle\/wp-json\/wp\/v2\/types\/page"}],"author":[{"embeddable":true,"href":"https:\/\/syrau.de\/drachenhoehle\/wp-json\/wp\/v2\/users\/1"}],"replies":[{"embeddable":true,"href":"https:\/\/syrau.de\/drachenhoehle\/wp-json\/wp\/v2\/comments?post=428"}],"version-history":[{"count":4,"href":"https:\/\/syrau.de\/drachenhoehle\/wp-json\/wp\/v2\/pages\/428\/revisions"}],"predecessor-version":[{"id":2640,"href":"https:\/\/syrau.de\/drachenhoehle\/wp-json\/wp\/v2\/pages\/428\/revisions\/2640"}],"wp:attachment":[{"href":"https:\/\/syrau.de\/drachenhoehle\/wp-json\/wp\/v2\/media?parent=428"}],"curies":[{"name":"wp","href":"https:\/\/api.w.org\/{rel}","templated":true}]}}