{"id":43,"date":"2017-06-20T10:37:44","date_gmt":"2017-06-20T10:37:44","guid":{"rendered":"http:\/\/syrau.de\/drachenhoehle\/?page_id=43"},"modified":"2023-03-31T10:19:12","modified_gmt":"2023-03-31T10:19:12","slug":"familienseite","status":"publish","type":"page","link":"https:\/\/syrau.de\/drachenhoehle\/familienseite\/","title":{"rendered":"Familienseite"},"content":{"rendered":"<blockquote>\n<h5 style=\"text-align: center;\">&nbsp;<a href=\"https:\/\/www.sachsen-tourismus.de\/\"><span style=\"color: #ff0000;\"><span style=\"color: #000080;\"><span style=\"color: #99cc00;\">Hundert <\/span>kleine <\/span>Freuden <span style=\"color: #ffcc00;\">sind <\/span><span style=\"color: #99cc00;\">tausendmal <\/span><span style=\"color: #000080;\">mehr <\/span>wert<br \/>\n<span style=\"color: #ffcc00;\">als <\/span><span style=\"color: #99cc00;\">eine <\/span><span style=\"color: #000080;\">gro\u00dfe<\/span>.<\/span><\/a><\/h5>\n<h5 style=\"text-align: right;\"><span style=\"color: #ff0000;\">Johannes <span style=\"color: #ffcc00;\">Keppler<\/span><\/span><\/h5>\n<\/blockquote>\n<p>Aus diesem Grund finden Sie bei uns auch viele kleine, aber doch wichtige Dinge f\u00fcr das <img loading=\"lazy\" decoding=\"async\" class=\"alignright wp-image-2200 size-medium\" src=\"https:\/\/syrau.de\/drachenhoehle\/wp-content\/uploads\/Logo_Famfreu_Erlebnis_DE_cmyk-300x247.jpg\" alt=\"\" width=\"300\" height=\"247\" srcset=\"https:\/\/syrau.de\/drachenhoehle\/wp-content\/uploads\/Logo_Famfreu_Erlebnis_DE_cmyk-300x247.jpg 300w, https:\/\/syrau.de\/drachenhoehle\/wp-content\/uploads\/Logo_Famfreu_Erlebnis_DE_cmyk-768x632.jpg 768w, https:\/\/syrau.de\/drachenhoehle\/wp-content\/uploads\/Logo_Famfreu_Erlebnis_DE_cmyk.jpg 969w\" sizes=\"auto, (max-width: 300px) 100vw, 300px\" \/>Wohl der j\u00fcngeren G\u00e4ste.<\/p>\n<p>Neben Spielpl\u00e4tzen, Maltisch &amp; Kreuzwortr\u00e4tseln gibt es auch Schatzsuchen oder kindgerechte F\u00fchrungen (auf Anfrage). Au\u00dferdem finden Sie bei uns auch Wickeltisch, Fl\u00e4schchenw\u00e4rmer, Kindertoilettensitz und Kindertrage.<\/p>\n<p>Kommen Sie doch einfach vorbei und probieren Sie es aus. Wir freuen uns auf Sie und Ihre Kinder!<\/p>\n<p>Mehr Informationen zu familienfreundlichen Einrichtungen erhalten Sie mit einem Klick auf das&nbsp; Logo.<\/p>\n","protected":false},"excerpt":{"rendered":"<p>&nbsp;Hundert kleine Freuden sind tausendmal mehr wert als eine gro\u00dfe. Johannes Keppler Aus diesem Grund finden Sie bei uns auch viele kleine, aber doch wichtige Dinge f\u00fcr das Wohl der j\u00fcngeren G\u00e4ste. Neben Spielpl\u00e4tzen, Maltisch &amp; Kreuzwortr\u00e4tseln gibt es auch Schatzsuchen oder kindgerechte F\u00fchrungen (auf Anfrage). Au\u00dferdem finden Sie bei uns auch Wickeltisch, Fl\u00e4schchenw\u00e4rmer, Kindertoilettensitz &hellip; <\/p>\n<p class=\"link-more\"><a href=\"https:\/\/syrau.de\/drachenhoehle\/familienseite\/\" class=\"more-link\"><span class=\"screen-reader-text\">\u201eFamilienseite\u201c <\/span>weiterlesen<\/a><\/p>\n","protected":false},"author":1,"featured_media":0,"parent":0,"menu_order":14,"comment_status":"closed","ping_status":"closed","template":"","meta":{"ngg_post_thumbnail":0,"footnotes":""},"class_list":["post-43","page","type-page","status-publish","hentry"],"_links":{"self":[{"href":"https:\/\/syrau.de\/drachenhoehle\/wp-json\/wp\/v2\/pages\/43","targetHints":{"allow":["GET"]}}],"collection":[{"href":"https:\/\/syrau.de\/drachenhoehle\/wp-json\/wp\/v2\/pages"}],"about":[{"href":"https:\/\/syrau.de\/drachenhoehle\/wp-json\/wp\/v2\/types\/page"}],"author":[{"embeddable":true,"href":"https:\/\/syrau.de\/drachenhoehle\/wp-json\/wp\/v2\/users\/1"}],"replies":[{"embeddable":true,"href":"https:\/\/syrau.de\/drachenhoehle\/wp-json\/wp\/v2\/comments?post=43"}],"version-history":[{"count":19,"href":"https:\/\/syrau.de\/drachenhoehle\/wp-json\/wp\/v2\/pages\/43\/revisions"}],"predecessor-version":[{"id":2216,"href":"https:\/\/syrau.de\/drachenhoehle\/wp-json\/wp\/v2\/pages\/43\/revisions\/2216"}],"wp:attachment":[{"href":"https:\/\/syrau.de\/drachenhoehle\/wp-json\/wp\/v2\/media?parent=43"}],"curies":[{"name":"wp","href":"https:\/\/api.w.org\/{rel}","templated":true}]}}