{"id":506,"date":"2017-08-29T12:20:40","date_gmt":"2017-08-29T12:20:40","guid":{"rendered":"http:\/\/syrau.de\/drachenhoehle\/?page_id=506"},"modified":"2022-11-07T12:09:45","modified_gmt":"2022-11-07T12:09:45","slug":"kontakt","status":"publish","type":"page","link":"https:\/\/syrau.de\/drachenhoehle\/kontakt\/","title":{"rendered":"Kontakt"},"content":{"rendered":"<p>Sie haben noch Fragen, Anregungen oder wollen eine Gruppenf\u00fchrung reservieren? Dann rufen Sie uns an, wir sind t\u00e4glich von 10.00 &#8211; 16.00 f\u00fcr Sie da. Oder schreiben Sie uns eine E-Mail. Wir melden uns auf jeden Fall bei Ihnen!<\/p>\n<p>Tel.: 037431\/3735<br \/>\nFax: 037431\/877767<br \/>\nE-Mail: info@syrau.de<br \/>\nPostadresse: EB Drachenh\u00f6hle Windm\u00fchle Syrau, H\u00f6hlenberg 10, 08548 Rosenbach OT Syrau<\/p>\n","protected":false},"excerpt":{"rendered":"<p>Sie haben noch Fragen, Anregungen oder wollen eine Gruppenf\u00fchrung reservieren? Dann rufen Sie uns an, wir sind t\u00e4glich von 10.00 &#8211; 16.00 f\u00fcr Sie da. Oder schreiben Sie uns eine E-Mail. Wir melden uns auf jeden Fall bei Ihnen! Tel.: 037431\/3735 Fax: 037431\/877767 E-Mail: info@syrau.de Postadresse: EB Drachenh\u00f6hle Windm\u00fchle Syrau, H\u00f6hlenberg 10, 08548 Rosenbach OT &hellip; <\/p>\n<p class=\"link-more\"><a href=\"https:\/\/syrau.de\/drachenhoehle\/kontakt\/\" class=\"more-link\"><span class=\"screen-reader-text\">\u201eKontakt\u201c <\/span>weiterlesen<\/a><\/p>\n","protected":false},"author":2,"featured_media":0,"parent":0,"menu_order":0,"comment_status":"closed","ping_status":"closed","template":"","meta":{"ngg_post_thumbnail":0,"footnotes":""},"class_list":["post-506","page","type-page","status-publish","hentry"],"_links":{"self":[{"href":"https:\/\/syrau.de\/drachenhoehle\/wp-json\/wp\/v2\/pages\/506","targetHints":{"allow":["GET"]}}],"collection":[{"href":"https:\/\/syrau.de\/drachenhoehle\/wp-json\/wp\/v2\/pages"}],"about":[{"href":"https:\/\/syrau.de\/drachenhoehle\/wp-json\/wp\/v2\/types\/page"}],"author":[{"embeddable":true,"href":"https:\/\/syrau.de\/drachenhoehle\/wp-json\/wp\/v2\/users\/2"}],"replies":[{"embeddable":true,"href":"https:\/\/syrau.de\/drachenhoehle\/wp-json\/wp\/v2\/comments?post=506"}],"version-history":[{"count":3,"href":"https:\/\/syrau.de\/drachenhoehle\/wp-json\/wp\/v2\/pages\/506\/revisions"}],"predecessor-version":[{"id":2068,"href":"https:\/\/syrau.de\/drachenhoehle\/wp-json\/wp\/v2\/pages\/506\/revisions\/2068"}],"wp:attachment":[{"href":"https:\/\/syrau.de\/drachenhoehle\/wp-json\/wp\/v2\/media?parent=506"}],"curies":[{"name":"wp","href":"https:\/\/api.w.org\/{rel}","templated":true}]}}