{"id":60,"date":"2017-06-20T10:40:22","date_gmt":"2017-06-20T10:40:22","guid":{"rendered":"http:\/\/syrau.de\/drachenhoehle\/?page_id=60"},"modified":"2026-01-13T11:01:18","modified_gmt":"2026-01-13T11:01:18","slug":"lasershow","status":"publish","type":"page","link":"https:\/\/syrau.de\/drachenhoehle\/highlights\/lasershow\/","title":{"rendered":"Lasershow"},"content":{"rendered":"<p>Wenn Sie uns<em><strong><span style=\"color: #339966;\"> zwischen dem 25. April &#8211; 08. November 2026<\/span><\/strong><\/em>&nbsp;besuchen, k\u00f6nnen Sie untertage nicht nur die bizarren Tropfsteine und Sintervorh\u00e4nge entdecken, sondern auch am Ende der F\u00fchrung unsere <strong>Lasershow <\/strong>als einen ganz besonderen H\u00f6hepunkt erleben.<br \/>\nDie ca. 10-min\u00fctige Vorf\u00fchrung vereint dabei die Elemente Licht und Musik mit den bizarren Gesteinsformen, wodurch Sie in eine neue Welt eintauchen, die Sie nur hier erleben k\u00f6nnen.<br \/>\nAuch Drache Justus l\u00e4sst es sich nicht nehmen, seine Besucher pers\u00f6nlich zu begr\u00fc\u00dfen und ihnen die Sage vom mutigen M\u00fcllerburschen, einem gefr\u00e4\u00dfigen Drachen und der Liebe zu erz\u00e4hlen.<\/p>\nngg_shortcode_0_placeholder\n<div id=\"myImageFlow\" class=\"imageflow\">&nbsp;<\/div>\n","protected":false},"excerpt":{"rendered":"<p>Wenn Sie uns zwischen dem 25. April &#8211; 08. November 2026&nbsp;besuchen, k\u00f6nnen Sie untertage nicht nur die bizarren Tropfsteine und Sintervorh\u00e4nge entdecken, sondern auch am Ende der F\u00fchrung unsere Lasershow als einen ganz besonderen H\u00f6hepunkt erleben. Die ca. 10-min\u00fctige Vorf\u00fchrung vereint dabei die Elemente Licht und Musik mit den bizarren Gesteinsformen, wodurch Sie in eine &hellip; <\/p>\n<p class=\"link-more\"><a href=\"https:\/\/syrau.de\/drachenhoehle\/highlights\/lasershow\/\" class=\"more-link\"><span class=\"screen-reader-text\">\u201eLasershow\u201c <\/span>weiterlesen<\/a><\/p>\n","protected":false},"author":1,"featured_media":0,"parent":26,"menu_order":0,"comment_status":"closed","ping_status":"closed","template":"","meta":{"ngg_post_thumbnail":0,"footnotes":""},"class_list":["post-60","page","type-page","status-publish","hentry"],"_links":{"self":[{"href":"https:\/\/syrau.de\/drachenhoehle\/wp-json\/wp\/v2\/pages\/60","targetHints":{"allow":["GET"]}}],"collection":[{"href":"https:\/\/syrau.de\/drachenhoehle\/wp-json\/wp\/v2\/pages"}],"about":[{"href":"https:\/\/syrau.de\/drachenhoehle\/wp-json\/wp\/v2\/types\/page"}],"author":[{"embeddable":true,"href":"https:\/\/syrau.de\/drachenhoehle\/wp-json\/wp\/v2\/users\/1"}],"replies":[{"embeddable":true,"href":"https:\/\/syrau.de\/drachenhoehle\/wp-json\/wp\/v2\/comments?post=60"}],"version-history":[{"count":19,"href":"https:\/\/syrau.de\/drachenhoehle\/wp-json\/wp\/v2\/pages\/60\/revisions"}],"predecessor-version":[{"id":2820,"href":"https:\/\/syrau.de\/drachenhoehle\/wp-json\/wp\/v2\/pages\/60\/revisions\/2820"}],"up":[{"embeddable":true,"href":"https:\/\/syrau.de\/drachenhoehle\/wp-json\/wp\/v2\/pages\/26"}],"wp:attachment":[{"href":"https:\/\/syrau.de\/drachenhoehle\/wp-json\/wp\/v2\/media?parent=60"}],"curies":[{"name":"wp","href":"https:\/\/api.w.org\/{rel}","templated":true}]}}