{"id":62,"date":"2017-06-20T10:40:37","date_gmt":"2017-06-20T10:40:37","guid":{"rendered":"http:\/\/syrau.de\/drachenhoehle\/?page_id=62"},"modified":"2023-02-26T14:51:48","modified_gmt":"2023-02-26T14:51:48","slug":"hochzeit","status":"publish","type":"page","link":"https:\/\/syrau.de\/drachenhoehle\/highlights\/hochzeit\/","title":{"rendered":"Hochzeit"},"content":{"rendered":"<h5 style=\"text-align: center;\"><strong><em>Trauen Sie sich \u2013 in der Drachenh\u00f6hle Syrau!<\/em><\/strong><\/h5>\n<p>Wenn Sie f\u00fcr Ihre Hochzeit einen au\u00dfergew\u00f6hnlichen Ort suchen, dann bietet Ihnen die Drachenh\u00f6hle das perfekte Ambiente f\u00fcr Ihre standesamtliche&nbsp; Trauung. Vor der beeindruckenden H\u00f6hlenkulisse werden Ihre G\u00e4ste (max. 25) Zeugen des sch\u00f6nsten Tages.<\/p>\n<p>Machen Sie Ihre Hochzeit f\u00fcr sich und ihre G\u00e4ste so noch unvergesslicher und trauen Sie sich untertage.<\/p>\n<p style=\"text-align: center;\"><em><span style=\"color: #ff0000;\"><a style=\"color: #ff0000;\" href=\"http:\/\/www.stadt-pausa-muehltroff.de\/standesamt.82,de.html\">Weitere Informationen erhalten Sie bei unserem Standesamt in Pausa-M\u00fchltroff (037432\/60315).<\/a><\/span><br \/>\n<\/em><\/p>\n<p>Standesamtliche Hochzeit:<\/p>\n<ul>\n<li>max. 25 Personen<\/li>\n<li>Trauungszeiten: April-Oktober bis 9.30 Uhr; November-M\u00e4rz bis 10.00 Uhr m\u00f6glich<\/li>\n<li>ab 450 \u20ac +&nbsp; Kosten Standesamt (unterschiedlich!)<\/li>\n<li>enthalten sind im Preis: gesamter Aufbau\/ Abbau der Dekoration, 1 Glas Sekt zum Ansto\u00dfen p. P., \u00dcberraschung f\u00fcr Brautpaar, F\u00fchrung im Anschluss<\/li>\n<\/ul>\n","protected":false},"excerpt":{"rendered":"<p>Trauen Sie sich \u2013 in der Drachenh\u00f6hle Syrau! Wenn Sie f\u00fcr Ihre Hochzeit einen au\u00dfergew\u00f6hnlichen Ort suchen, dann bietet Ihnen die Drachenh\u00f6hle das perfekte Ambiente f\u00fcr Ihre standesamtliche&nbsp; Trauung. Vor der beeindruckenden H\u00f6hlenkulisse werden Ihre G\u00e4ste (max. 25) Zeugen des sch\u00f6nsten Tages. Machen Sie Ihre Hochzeit f\u00fcr sich und ihre G\u00e4ste so noch unvergesslicher und &hellip; <\/p>\n<p class=\"link-more\"><a href=\"https:\/\/syrau.de\/drachenhoehle\/highlights\/hochzeit\/\" class=\"more-link\"><span class=\"screen-reader-text\">\u201eHochzeit\u201c <\/span>weiterlesen<\/a><\/p>\n","protected":false},"author":1,"featured_media":0,"parent":26,"menu_order":3,"comment_status":"closed","ping_status":"closed","template":"","meta":{"ngg_post_thumbnail":0,"footnotes":""},"class_list":["post-62","page","type-page","status-publish","hentry"],"_links":{"self":[{"href":"https:\/\/syrau.de\/drachenhoehle\/wp-json\/wp\/v2\/pages\/62","targetHints":{"allow":["GET"]}}],"collection":[{"href":"https:\/\/syrau.de\/drachenhoehle\/wp-json\/wp\/v2\/pages"}],"about":[{"href":"https:\/\/syrau.de\/drachenhoehle\/wp-json\/wp\/v2\/types\/page"}],"author":[{"embeddable":true,"href":"https:\/\/syrau.de\/drachenhoehle\/wp-json\/wp\/v2\/users\/1"}],"replies":[{"embeddable":true,"href":"https:\/\/syrau.de\/drachenhoehle\/wp-json\/wp\/v2\/comments?post=62"}],"version-history":[{"count":11,"href":"https:\/\/syrau.de\/drachenhoehle\/wp-json\/wp\/v2\/pages\/62\/revisions"}],"predecessor-version":[{"id":2162,"href":"https:\/\/syrau.de\/drachenhoehle\/wp-json\/wp\/v2\/pages\/62\/revisions\/2162"}],"up":[{"embeddable":true,"href":"https:\/\/syrau.de\/drachenhoehle\/wp-json\/wp\/v2\/pages\/26"}],"wp:attachment":[{"href":"https:\/\/syrau.de\/drachenhoehle\/wp-json\/wp\/v2\/media?parent=62"}],"curies":[{"name":"wp","href":"https:\/\/api.w.org\/{rel}","templated":true}]}}