{"id":64,"date":"2017-06-20T10:40:48","date_gmt":"2017-06-20T10:40:48","guid":{"rendered":"http:\/\/syrau.de\/drachenhoehle\/?page_id=64"},"modified":"2017-09-11T12:50:38","modified_gmt":"2017-09-11T12:50:38","slug":"konzerte","status":"publish","type":"page","link":"https:\/\/syrau.de\/drachenhoehle\/highlights\/konzerte\/","title":{"rendered":"Konzerte"},"content":{"rendered":"<p><em>Ungewohnte Kl\u00e4nge aus der Unterwelt<\/em><\/p>\n<p>Eine H\u00f6hle bildet als Veranstaltungsort f\u00fcr Musikevents sicherlich einen eher ungew\u00f6hnlichen Rahmen, dennoch entsteht gerade hier, durch die hohen H\u00f6hlenw\u00e4nde, eine unvergleichliche Akustik. Nat\u00fcrliche Rundungen, die \u00fcber Millionen von Jahren durch Wasser ausgewaschen wurden, bringen den Klang der Instrumente besonders gut zur Geltung und machen die Drachenh\u00f6hle Syrau damit zu einer perfekten B\u00fchne f\u00fcr unvergessliche Konzerte. Sogar f\u00fcr jeden Musikgeschmack ist etwas dabei! So erklangen neben den klassischen Trompeten, Posaunen und Jagdh\u00f6rnern auch schon die exotischen T\u00f6ne eines Didgeridoos oder einer Panfl\u00f6te in den unterirdischen Hallen. Durch das kleine Publikum von maximal 50 Zuh\u00f6rern herrscht im Gegensatz zu riesigen Konzerts\u00e4len eine sehr private und pers\u00f6nliche Atmosph\u00e4re, die das Musikerlebnis in der Unterwelt Syraus vervollkommnet.<\/p>\nngg_shortcode_0_placeholder\n<div id=\"myImageFlow\" class=\"imageflow\">&nbsp;<\/div>\n","protected":false},"excerpt":{"rendered":"<p>Ungewohnte Kl\u00e4nge aus der Unterwelt Eine H\u00f6hle bildet als Veranstaltungsort f\u00fcr Musikevents sicherlich einen eher ungew\u00f6hnlichen Rahmen, dennoch entsteht gerade hier, durch die hohen H\u00f6hlenw\u00e4nde, eine unvergleichliche Akustik. Nat\u00fcrliche Rundungen, die \u00fcber Millionen von Jahren durch Wasser ausgewaschen wurden, bringen den Klang der Instrumente besonders gut zur Geltung und machen die Drachenh\u00f6hle Syrau damit zu &hellip; <\/p>\n<p class=\"link-more\"><a href=\"https:\/\/syrau.de\/drachenhoehle\/highlights\/konzerte\/\" class=\"more-link\"><span class=\"screen-reader-text\">\u201eKonzerte\u201c <\/span>weiterlesen<\/a><\/p>\n","protected":false},"author":1,"featured_media":0,"parent":26,"menu_order":4,"comment_status":"closed","ping_status":"closed","template":"","meta":{"ngg_post_thumbnail":0,"footnotes":""},"class_list":["post-64","page","type-page","status-publish","hentry"],"_links":{"self":[{"href":"https:\/\/syrau.de\/drachenhoehle\/wp-json\/wp\/v2\/pages\/64","targetHints":{"allow":["GET"]}}],"collection":[{"href":"https:\/\/syrau.de\/drachenhoehle\/wp-json\/wp\/v2\/pages"}],"about":[{"href":"https:\/\/syrau.de\/drachenhoehle\/wp-json\/wp\/v2\/types\/page"}],"author":[{"embeddable":true,"href":"https:\/\/syrau.de\/drachenhoehle\/wp-json\/wp\/v2\/users\/1"}],"replies":[{"embeddable":true,"href":"https:\/\/syrau.de\/drachenhoehle\/wp-json\/wp\/v2\/comments?post=64"}],"version-history":[{"count":4,"href":"https:\/\/syrau.de\/drachenhoehle\/wp-json\/wp\/v2\/pages\/64\/revisions"}],"predecessor-version":[{"id":785,"href":"https:\/\/syrau.de\/drachenhoehle\/wp-json\/wp\/v2\/pages\/64\/revisions\/785"}],"up":[{"embeddable":true,"href":"https:\/\/syrau.de\/drachenhoehle\/wp-json\/wp\/v2\/pages\/26"}],"wp:attachment":[{"href":"https:\/\/syrau.de\/drachenhoehle\/wp-json\/wp\/v2\/media?parent=64"}],"curies":[{"name":"wp","href":"https:\/\/api.w.org\/{rel}","templated":true}]}}