{"id":70,"date":"2017-06-20T10:41:39","date_gmt":"2017-06-20T10:41:39","guid":{"rendered":"http:\/\/syrau.de\/drachenhoehle\/?page_id=70"},"modified":"2017-08-09T10:42:41","modified_gmt":"2017-08-09T10:42:41","slug":"luft","status":"publish","type":"page","link":"https:\/\/syrau.de\/drachenhoehle\/terra-varis\/luft\/","title":{"rendered":"Luft"},"content":{"rendered":"<p>spielt bei unserer Windm\u00fchle eine gro\u00dfe Rolle.<\/p>\n<p style=\"text-align: center;\"><em>&#8222;Meine M\u00fchle, die braucht Wind, Wind, Wind,<\/em><\/p>\n<p style=\"text-align: center;\"><em>sonst geht sie nicht geschwind, schwind schwind&#8230;&#8220; (Kinderlied)<\/em><\/p>\n<p dir=\"ltr\">Das Element Luft geh\u00f6rt zu einer Windm\u00fchle wie der Motor zum Auto. Ohne Wind drehen sich die Ruten nicht. Der M\u00fcller k\u00f6nnte kein Getreide zu Mehl mahlen und ohne Mehl gibt es kein Brot.<\/p>\n<p>Anschaulich dargestellt wird dieses Thema w\u00e4hrend einer F\u00fchrung in unserer Ausstellung der restaurierten Windm\u00fchle Syrau.<\/p>\n","protected":false},"excerpt":{"rendered":"<p>spielt bei unserer Windm\u00fchle eine gro\u00dfe Rolle. &#8222;Meine M\u00fchle, die braucht Wind, Wind, Wind, sonst geht sie nicht geschwind, schwind schwind&#8230;&#8220; (Kinderlied) Das Element Luft geh\u00f6rt zu einer Windm\u00fchle wie der Motor zum Auto. Ohne Wind drehen sich die Ruten nicht. Der M\u00fcller k\u00f6nnte kein Getreide zu Mehl mahlen und ohne Mehl gibt es kein &hellip; <\/p>\n<p class=\"link-more\"><a href=\"https:\/\/syrau.de\/drachenhoehle\/terra-varis\/luft\/\" class=\"more-link\"><span class=\"screen-reader-text\">\u201eLuft\u201c <\/span>weiterlesen<\/a><\/p>\n","protected":false},"author":1,"featured_media":0,"parent":28,"menu_order":0,"comment_status":"closed","ping_status":"closed","template":"","meta":{"ngg_post_thumbnail":0,"footnotes":""},"class_list":["post-70","page","type-page","status-publish","hentry"],"_links":{"self":[{"href":"https:\/\/syrau.de\/drachenhoehle\/wp-json\/wp\/v2\/pages\/70","targetHints":{"allow":["GET"]}}],"collection":[{"href":"https:\/\/syrau.de\/drachenhoehle\/wp-json\/wp\/v2\/pages"}],"about":[{"href":"https:\/\/syrau.de\/drachenhoehle\/wp-json\/wp\/v2\/types\/page"}],"author":[{"embeddable":true,"href":"https:\/\/syrau.de\/drachenhoehle\/wp-json\/wp\/v2\/users\/1"}],"replies":[{"embeddable":true,"href":"https:\/\/syrau.de\/drachenhoehle\/wp-json\/wp\/v2\/comments?post=70"}],"version-history":[{"count":4,"href":"https:\/\/syrau.de\/drachenhoehle\/wp-json\/wp\/v2\/pages\/70\/revisions"}],"predecessor-version":[{"id":206,"href":"https:\/\/syrau.de\/drachenhoehle\/wp-json\/wp\/v2\/pages\/70\/revisions\/206"}],"up":[{"embeddable":true,"href":"https:\/\/syrau.de\/drachenhoehle\/wp-json\/wp\/v2\/pages\/28"}],"wp:attachment":[{"href":"https:\/\/syrau.de\/drachenhoehle\/wp-json\/wp\/v2\/media?parent=70"}],"curies":[{"name":"wp","href":"https:\/\/api.w.org\/{rel}","templated":true}]}}