{"id":74,"date":"2017-06-20T10:42:04","date_gmt":"2017-06-20T10:42:04","guid":{"rendered":"http:\/\/syrau.de\/drachenhoehle\/?page_id=74"},"modified":"2017-08-09T13:38:12","modified_gmt":"2017-08-09T13:38:12","slug":"wasser","status":"publish","type":"page","link":"https:\/\/syrau.de\/drachenhoehle\/terra-varis\/wasser\/","title":{"rendered":"Wasser"},"content":{"rendered":"<p style=\"text-align: center;\"><em>\u201eSteter (Wasser)Tropfen h\u00f6hlt den Stein&#8230;&#8220;<\/em><\/p>\n<p>An einer Station im Erlebnisgarten kann man das gut nachvollziehen. In der dort aufgestellte Tropfanlage sind 4 verschiedene Gesteinsarten zu sehen, welche regelm\u00e4\u00dfig durch Wasser betropft werden. Wer wissen m\u00f6chte, wie unterschiedlich die Gesteine darauf reagieren, sollte sich das Ganze einmal ansehen.<\/p>\n<p><img loading=\"lazy\" decoding=\"async\" class=\"wp-image-259 size-medium aligncenter\" src=\"http:\/\/syrau.de\/drachenhoehle\/wp-content\/uploads\/3874803_W700freie-presse-300x191.jpg\" alt=\"\" width=\"300\" height=\"191\" srcset=\"https:\/\/syrau.de\/drachenhoehle\/wp-content\/uploads\/3874803_W700freie-presse-300x191.jpg 300w, https:\/\/syrau.de\/drachenhoehle\/wp-content\/uploads\/3874803_W700freie-presse.jpg 700w\" sizes=\"auto, (max-width: 300px) 100vw, 300px\" \/><\/p>\n","protected":false},"excerpt":{"rendered":"<p>\u201eSteter (Wasser)Tropfen h\u00f6hlt den Stein&#8230;&#8220; An einer Station im Erlebnisgarten kann man das gut nachvollziehen. In der dort aufgestellte Tropfanlage sind 4 verschiedene Gesteinsarten zu sehen, welche regelm\u00e4\u00dfig durch Wasser betropft werden. Wer wissen m\u00f6chte, wie unterschiedlich die Gesteine darauf reagieren, sollte sich das Ganze einmal ansehen.<\/p>\n","protected":false},"author":1,"featured_media":0,"parent":28,"menu_order":0,"comment_status":"closed","ping_status":"closed","template":"","meta":{"ngg_post_thumbnail":0,"footnotes":""},"class_list":["post-74","page","type-page","status-publish","hentry"],"_links":{"self":[{"href":"https:\/\/syrau.de\/drachenhoehle\/wp-json\/wp\/v2\/pages\/74","targetHints":{"allow":["GET"]}}],"collection":[{"href":"https:\/\/syrau.de\/drachenhoehle\/wp-json\/wp\/v2\/pages"}],"about":[{"href":"https:\/\/syrau.de\/drachenhoehle\/wp-json\/wp\/v2\/types\/page"}],"author":[{"embeddable":true,"href":"https:\/\/syrau.de\/drachenhoehle\/wp-json\/wp\/v2\/users\/1"}],"replies":[{"embeddable":true,"href":"https:\/\/syrau.de\/drachenhoehle\/wp-json\/wp\/v2\/comments?post=74"}],"version-history":[{"count":3,"href":"https:\/\/syrau.de\/drachenhoehle\/wp-json\/wp\/v2\/pages\/74\/revisions"}],"predecessor-version":[{"id":297,"href":"https:\/\/syrau.de\/drachenhoehle\/wp-json\/wp\/v2\/pages\/74\/revisions\/297"}],"up":[{"embeddable":true,"href":"https:\/\/syrau.de\/drachenhoehle\/wp-json\/wp\/v2\/pages\/28"}],"wp:attachment":[{"href":"https:\/\/syrau.de\/drachenhoehle\/wp-json\/wp\/v2\/media?parent=74"}],"curies":[{"name":"wp","href":"https:\/\/api.w.org\/{rel}","templated":true}]}}