{"id":77,"date":"2017-06-20T10:42:26","date_gmt":"2017-06-20T10:42:26","guid":{"rendered":"http:\/\/syrau.de\/drachenhoehle\/?page_id=77"},"modified":"2017-08-09T10:50:08","modified_gmt":"2017-08-09T10:50:08","slug":"feuer","status":"publish","type":"page","link":"https:\/\/syrau.de\/drachenhoehle\/terra-varis\/feuer\/","title":{"rendered":"Feuer"},"content":{"rendered":"<p>speien viele aktive Vulkane unserer Erde.<\/p>\n<p>Die Vulkane Deutschlands sind nicht mehr aktiv. Vulkane auf Asien, Island und Italien dagegen spucken noch Feuer. Meistens gehen Vulkanausbr\u00fcchen Erdbeben voraus.<\/p>\n<p>Wie es sich anf\u00fchlen k\u00f6nnte, wenn die Erde unter uns wackelt, kann man auf dem Wackelbalken in unserem Erlebnisgarten ausprobieren. Da es im Vogtland immer mal Schwarmbeben gibt, die aufgrund einer aufsteigenden Magmablase an der deutsch-tschechischen Grenze zu sp\u00fcren sind, sollte man den Balken ohne Schwierigkeiten \u00fcberqueren k\u00f6nnen.<\/p>\n","protected":false},"excerpt":{"rendered":"<p>speien viele aktive Vulkane unserer Erde. Die Vulkane Deutschlands sind nicht mehr aktiv. Vulkane auf Asien, Island und Italien dagegen spucken noch Feuer. Meistens gehen Vulkanausbr\u00fcchen Erdbeben voraus. Wie es sich anf\u00fchlen k\u00f6nnte, wenn die Erde unter uns wackelt, kann man auf dem Wackelbalken in unserem Erlebnisgarten ausprobieren. Da es im Vogtland immer mal Schwarmbeben &hellip; <\/p>\n<p class=\"link-more\"><a href=\"https:\/\/syrau.de\/drachenhoehle\/terra-varis\/feuer\/\" class=\"more-link\"><span class=\"screen-reader-text\">\u201eFeuer\u201c <\/span>weiterlesen<\/a><\/p>\n","protected":false},"author":1,"featured_media":0,"parent":28,"menu_order":0,"comment_status":"closed","ping_status":"closed","template":"","meta":{"ngg_post_thumbnail":0,"footnotes":""},"class_list":["post-77","page","type-page","status-publish","hentry"],"_links":{"self":[{"href":"https:\/\/syrau.de\/drachenhoehle\/wp-json\/wp\/v2\/pages\/77","targetHints":{"allow":["GET"]}}],"collection":[{"href":"https:\/\/syrau.de\/drachenhoehle\/wp-json\/wp\/v2\/pages"}],"about":[{"href":"https:\/\/syrau.de\/drachenhoehle\/wp-json\/wp\/v2\/types\/page"}],"author":[{"embeddable":true,"href":"https:\/\/syrau.de\/drachenhoehle\/wp-json\/wp\/v2\/users\/1"}],"replies":[{"embeddable":true,"href":"https:\/\/syrau.de\/drachenhoehle\/wp-json\/wp\/v2\/comments?post=77"}],"version-history":[{"count":4,"href":"https:\/\/syrau.de\/drachenhoehle\/wp-json\/wp\/v2\/pages\/77\/revisions"}],"predecessor-version":[{"id":207,"href":"https:\/\/syrau.de\/drachenhoehle\/wp-json\/wp\/v2\/pages\/77\/revisions\/207"}],"up":[{"embeddable":true,"href":"https:\/\/syrau.de\/drachenhoehle\/wp-json\/wp\/v2\/pages\/28"}],"wp:attachment":[{"href":"https:\/\/syrau.de\/drachenhoehle\/wp-json\/wp\/v2\/media?parent=77"}],"curies":[{"name":"wp","href":"https:\/\/api.w.org\/{rel}","templated":true}]}}