{"id":79,"date":"2017-06-20T10:42:51","date_gmt":"2017-06-20T10:42:51","guid":{"rendered":"http:\/\/syrau.de\/drachenhoehle\/?page_id=79"},"modified":"2023-07-07T14:09:09","modified_gmt":"2023-07-07T14:09:09","slug":"geologie","status":"publish","type":"page","link":"https:\/\/syrau.de\/drachenhoehle\/geschichte-geologie\/geologie\/","title":{"rendered":"Geologie"},"content":{"rendered":"<p>Die Drachenh\u00f6hle ist eine Karbonatkarsth\u00f6hle, angelegt in einer Wechselfolge jungoberdevonischer Knoten- und Flaserkalke sowie pelitischer Schiefer. Das Syrauer Oberdevon wurde entlang der Nordwestflanke des Kauschwitz-J\u00f6\u00dfnitzer Sattels (mittel- bis oberdevonische Initialvulkanite) aufgefaltet und ragt als Sporn in den s\u00fcd\u00f6stlichen Randausstrich der Mehltheuerschen Kulmmulde.<\/p>\n<p>Die Entstehung der uns heute bekannten H\u00f6hle kann in das j\u00fcngere Pleistoz\u00e4n und Holoz\u00e4n gestellt werden. Eingerahmt von drei Vorflutb\u00e4chen (Syrabach, Kaltenbach und ein historischer, heute nicht mehr vorhandener Bach), die sich heute bis \u00fcber 30 m tief in die Syrauer Hochfl\u00e4che eingeschnitten haben, kam es zur Verkarstung der angeschnittenen Kalklinse. Trotz ihrer Gr\u00f6\u00dfe, von nur 300 m im Durchmesser, entstand ein intensives unterirdisches Entw\u00e4sserungssystem auf den vorgezeichneten Hauptkluftrichtungen. Da die H\u00f6hle &#8211; der phreatische, karstwassergef\u00fcllte Bereich &#8211; von den Vorflutern nicht direkt angeschnitten wird, sondern vollst\u00e4ndig von nichtverkarstungsf\u00e4higen Gesteinen eingeschlossen ist, kommt es episodisch, im Kontakt entsprechend jahreszeitlich oder klimatisch bedingter, niederschlagsreicher Ereignisse, zum &#8222;Vollaufen&#8220; der H\u00f6hle, zumindest aber zu einer episodischen Karstwasserspiegelschwankung in der seichtphreatischen Zone. Dies f\u00fchrte und f\u00fchrt zur Herausbildung einer typischen Stillwassermorphologie (Laugdecken, Laugfacetten, sekund\u00e4re Lehmformen), welche den fluviatil-errosiven und fluviatil-korrosiven Formenschatz weitestgehend \u00fcberpr\u00e4gt. Inkasion und eine junge Sekund\u00e4rmineralisation (Kalksinter) geben der Drachenh\u00f6hle ihr heutiges Aussehen.<\/p>\n<p>N\u00e4here Informationen zur seismologischen Situation im Gebiet Westboehmen &#8211; Vogtland gibt es unter <a href=\"_wp_link_placeholder\" data-wplink-edit=\"true\">https:\/\/www.geologie.sachsen.de\/schwarmbeben-im-vogtland-27867.html<\/a><\/p>\n","protected":false},"excerpt":{"rendered":"<p>Die Drachenh\u00f6hle ist eine Karbonatkarsth\u00f6hle, angelegt in einer Wechselfolge jungoberdevonischer Knoten- und Flaserkalke sowie pelitischer Schiefer. Das Syrauer Oberdevon wurde entlang der Nordwestflanke des Kauschwitz-J\u00f6\u00dfnitzer Sattels (mittel- bis oberdevonische Initialvulkanite) aufgefaltet und ragt als Sporn in den s\u00fcd\u00f6stlichen Randausstrich der Mehltheuerschen Kulmmulde. Die Entstehung der uns heute bekannten H\u00f6hle kann in das j\u00fcngere Pleistoz\u00e4n und &hellip; <\/p>\n<p class=\"link-more\"><a href=\"https:\/\/syrau.de\/drachenhoehle\/geschichte-geologie\/geologie\/\" class=\"more-link\"><span class=\"screen-reader-text\">\u201eGeologie\u201c <\/span>weiterlesen<\/a><\/p>\n","protected":false},"author":1,"featured_media":0,"parent":32,"menu_order":0,"comment_status":"closed","ping_status":"closed","template":"","meta":{"ngg_post_thumbnail":0,"footnotes":""},"class_list":["post-79","page","type-page","status-publish","hentry"],"_links":{"self":[{"href":"https:\/\/syrau.de\/drachenhoehle\/wp-json\/wp\/v2\/pages\/79","targetHints":{"allow":["GET"]}}],"collection":[{"href":"https:\/\/syrau.de\/drachenhoehle\/wp-json\/wp\/v2\/pages"}],"about":[{"href":"https:\/\/syrau.de\/drachenhoehle\/wp-json\/wp\/v2\/types\/page"}],"author":[{"embeddable":true,"href":"https:\/\/syrau.de\/drachenhoehle\/wp-json\/wp\/v2\/users\/1"}],"replies":[{"embeddable":true,"href":"https:\/\/syrau.de\/drachenhoehle\/wp-json\/wp\/v2\/comments?post=79"}],"version-history":[{"count":6,"href":"https:\/\/syrau.de\/drachenhoehle\/wp-json\/wp\/v2\/pages\/79\/revisions"}],"predecessor-version":[{"id":2304,"href":"https:\/\/syrau.de\/drachenhoehle\/wp-json\/wp\/v2\/pages\/79\/revisions\/2304"}],"up":[{"embeddable":true,"href":"https:\/\/syrau.de\/drachenhoehle\/wp-json\/wp\/v2\/pages\/32"}],"wp:attachment":[{"href":"https:\/\/syrau.de\/drachenhoehle\/wp-json\/wp\/v2\/media?parent=79"}],"curies":[{"name":"wp","href":"https:\/\/api.w.org\/{rel}","templated":true}]}}