{"id":81,"date":"2017-06-20T10:43:13","date_gmt":"2017-06-20T10:43:13","guid":{"rendered":"http:\/\/syrau.de\/drachenhoehle\/?page_id=81"},"modified":"2017-09-11T12:52:31","modified_gmt":"2017-09-11T12:52:31","slug":"erlebnisgarten","status":"publish","type":"page","link":"https:\/\/syrau.de\/drachenhoehle\/hoehlenpark\/erlebnisgarten\/","title":{"rendered":"Erlebnisgarten"},"content":{"rendered":"<p>Dahinter steckt der 2011 er\u00f6ffnete Erlebnisgarten am H\u00f6hlenausgang.<\/p>\n<p>Hier wird die Erde im wahrsten Sinne des Wortes lebendig. Man kann nicht nur ausprobieren, wie es sich anf\u00fchlt, wenn die Erde wackelt, sondern auch sein Wissen an unterschiedlichen Fragetafeln \u00fcber H\u00f6hlen und Erde testen.<\/p>\n<p>Besonders interessant ist auch die Tropfanlage, welche zeigt, wie unterschiedlich Wasser auf Salz, Gips, Kalkstein und Granit wirkt. Ebenfalls lockt das H\u00fcpfk\u00e4stchen gro\u00dfe und kleine Besucher zum H\u00f6hlen-Wissenstest.<\/p>\nngg_shortcode_0_placeholder\n","protected":false},"excerpt":{"rendered":"<p>Dahinter steckt der 2011 er\u00f6ffnete Erlebnisgarten am H\u00f6hlenausgang. Hier wird die Erde im wahrsten Sinne des Wortes lebendig. Man kann nicht nur ausprobieren, wie es sich anf\u00fchlt, wenn die Erde wackelt, sondern auch sein Wissen an unterschiedlichen Fragetafeln \u00fcber H\u00f6hlen und Erde testen. Besonders interessant ist auch die Tropfanlage, welche zeigt, wie unterschiedlich Wasser auf &hellip; <\/p>\n<p class=\"link-more\"><a href=\"https:\/\/syrau.de\/drachenhoehle\/hoehlenpark\/erlebnisgarten\/\" class=\"more-link\"><span class=\"screen-reader-text\">\u201eErlebnisgarten\u201c <\/span>weiterlesen<\/a><\/p>\n","protected":false},"author":1,"featured_media":0,"parent":34,"menu_order":0,"comment_status":"closed","ping_status":"closed","template":"","meta":{"ngg_post_thumbnail":0,"footnotes":""},"class_list":["post-81","page","type-page","status-publish","hentry"],"_links":{"self":[{"href":"https:\/\/syrau.de\/drachenhoehle\/wp-json\/wp\/v2\/pages\/81","targetHints":{"allow":["GET"]}}],"collection":[{"href":"https:\/\/syrau.de\/drachenhoehle\/wp-json\/wp\/v2\/pages"}],"about":[{"href":"https:\/\/syrau.de\/drachenhoehle\/wp-json\/wp\/v2\/types\/page"}],"author":[{"embeddable":true,"href":"https:\/\/syrau.de\/drachenhoehle\/wp-json\/wp\/v2\/users\/1"}],"replies":[{"embeddable":true,"href":"https:\/\/syrau.de\/drachenhoehle\/wp-json\/wp\/v2\/comments?post=81"}],"version-history":[{"count":4,"href":"https:\/\/syrau.de\/drachenhoehle\/wp-json\/wp\/v2\/pages\/81\/revisions"}],"predecessor-version":[{"id":787,"href":"https:\/\/syrau.de\/drachenhoehle\/wp-json\/wp\/v2\/pages\/81\/revisions\/787"}],"up":[{"embeddable":true,"href":"https:\/\/syrau.de\/drachenhoehle\/wp-json\/wp\/v2\/pages\/34"}],"wp:attachment":[{"href":"https:\/\/syrau.de\/drachenhoehle\/wp-json\/wp\/v2\/media?parent=81"}],"curies":[{"name":"wp","href":"https:\/\/api.w.org\/{rel}","templated":true}]}}