{"id":85,"date":"2017-06-20T10:43:56","date_gmt":"2017-06-20T10:43:56","guid":{"rendered":"http:\/\/syrau.de\/drachenhoehle\/?page_id=85"},"modified":"2023-03-31T11:33:55","modified_gmt":"2023-03-31T11:33:55","slug":"download","status":"publish","type":"page","link":"https:\/\/syrau.de\/drachenhoehle\/familienseite\/download\/","title":{"rendered":"Lernt uns kennen"},"content":{"rendered":"<p>Ihr plant einen Familienausflug zu uns? Malt doch gemeinsam zuhause unsere <img loading=\"lazy\" decoding=\"async\" class=\"alignleft wp-image-1084 \" src=\"https:\/\/syrau.de\/drachenhoehle\/wp-content\/uploads\/Neuerdrache_freigestellt.14.10.18-scaled-e1582800308635-212x300.jpg\" alt=\"\" width=\"126\" height=\"178\" srcset=\"https:\/\/syrau.de\/drachenhoehle\/wp-content\/uploads\/Neuerdrache_freigestellt.14.10.18-scaled-e1582800308635-212x300.jpg 212w, https:\/\/syrau.de\/drachenhoehle\/wp-content\/uploads\/Neuerdrache_freigestellt.14.10.18-scaled-e1582800308635-724x1024.jpg 724w, https:\/\/syrau.de\/drachenhoehle\/wp-content\/uploads\/Neuerdrache_freigestellt.14.10.18-scaled-e1582800308635-768x1086.jpg 768w, https:\/\/syrau.de\/drachenhoehle\/wp-content\/uploads\/Neuerdrache_freigestellt.14.10.18-scaled-e1582800308635-1086x1536.jpg 1086w, https:\/\/syrau.de\/drachenhoehle\/wp-content\/uploads\/Neuerdrache_freigestellt.14.10.18-scaled-e1582800308635-1448x2048.jpg 1448w, https:\/\/syrau.de\/drachenhoehle\/wp-content\/uploads\/Neuerdrache_freigestellt.14.10.18-scaled-e1582800308635.jpg 1810w\" sizes=\"auto, (max-width: 126px) 100vw, 126px\" \/>Maskottchen aus.<a href=\"https:\/\/syrau.de\/drachenhoehle\/wp-content\/uploads\/Drachensage.pdf\"><em><span style=\"color: #ff6600;\">Oder lasst euch die Geschichte erz\u00e4hlen vom Drachen, welcher einst in Syrau hauste<\/span><\/em><\/a>. <img loading=\"lazy\" decoding=\"async\" class=\"alignright wp-image-253 size-thumbnail\" src=\"https:\/\/syrau.de\/drachenhoehle\/wp-content\/uploads\/Mimi_2_01kleiner-150x150.jpg\" alt=\"\" width=\"150\" height=\"150\" srcset=\"https:\/\/syrau.de\/drachenhoehle\/wp-content\/uploads\/Mimi_2_01kleiner-150x150.jpg 150w, https:\/\/syrau.de\/drachenhoehle\/wp-content\/uploads\/Mimi_2_01kleiner-100x100.jpg 100w\" sizes=\"auto, (max-width: 150px) 100vw, 150px\" \/>An der H\u00f6hlenkasse gibt es auf Wunsch auch Kreuzwortr\u00e4tsel, wir bieten Schatzsuchen (Voranmeldung) und kindgerechte F\u00fchrungen an (Voranmeldung). Wir freuen uns euch!<\/p>\n<p>&nbsp;<\/p>\n<p><em><a href=\"https:\/\/syrau.de\/drachenhoehle\/wp-content\/uploads\/Malvorlage-Justus.jpg\">Drache Justus<\/a>&nbsp;&nbsp;&nbsp;&nbsp;&nbsp;&nbsp;<\/em>&nbsp;&nbsp;&nbsp;&nbsp;&nbsp;&nbsp;&nbsp;&nbsp;&nbsp;&nbsp;&nbsp;&nbsp;&nbsp;&nbsp;&nbsp;&nbsp;&nbsp;&nbsp;&nbsp;&nbsp;&nbsp;&nbsp;&nbsp;&nbsp;&nbsp;&nbsp;&nbsp;&nbsp;&nbsp;&nbsp;&nbsp;&nbsp;&nbsp;&nbsp;&nbsp;&nbsp;&nbsp;&nbsp;&nbsp;&nbsp;&nbsp;&nbsp;&nbsp;&nbsp;&nbsp;&nbsp;&nbsp;&nbsp;&nbsp;&nbsp;&nbsp;&nbsp;&nbsp;&nbsp;&nbsp;&nbsp;&nbsp;&nbsp;&nbsp;&nbsp;&nbsp;&nbsp;&nbsp;&nbsp;&nbsp;&nbsp;&nbsp; <a href=\"https:\/\/syrau.de\/drachenhoehle\/wp-content\/uploads\/Mimischwarz-wei\u00dfmit-name.jpg\"><em>M\u00fchlenmaus Mimi<\/em><\/a><\/p>\n<p>&nbsp;<\/p>\n","protected":false},"excerpt":{"rendered":"<p>Ihr plant einen Familienausflug zu uns? Malt doch gemeinsam zuhause unsere Maskottchen aus.Oder lasst euch die Geschichte erz\u00e4hlen vom Drachen, welcher einst in Syrau hauste. An der H\u00f6hlenkasse gibt es auf Wunsch auch Kreuzwortr\u00e4tsel, wir bieten Schatzsuchen (Voranmeldung) und kindgerechte F\u00fchrungen an (Voranmeldung). Wir freuen uns euch! &nbsp; Drache Justus&nbsp;&nbsp;&nbsp;&nbsp;&nbsp;&nbsp;&nbsp;&nbsp;&nbsp;&nbsp;&nbsp;&nbsp;&nbsp;&nbsp;&nbsp;&nbsp;&nbsp;&nbsp;&nbsp;&nbsp;&nbsp;&nbsp;&nbsp;&nbsp;&nbsp;&nbsp;&nbsp;&nbsp;&nbsp;&nbsp;&nbsp;&nbsp;&nbsp;&nbsp;&nbsp;&nbsp;&nbsp;&nbsp;&nbsp;&nbsp;&nbsp;&nbsp;&nbsp;&nbsp;&nbsp;&nbsp;&nbsp;&nbsp;&nbsp;&nbsp;&nbsp;&nbsp;&nbsp;&nbsp;&nbsp;&nbsp;&nbsp;&nbsp;&nbsp;&nbsp;&nbsp;&nbsp;&nbsp;&nbsp;&nbsp;&nbsp;&nbsp;&nbsp;&nbsp;&nbsp;&nbsp;&nbsp;&nbsp; M\u00fchlenmaus Mimi &nbsp;<\/p>\n","protected":false},"author":1,"featured_media":0,"parent":43,"menu_order":2,"comment_status":"closed","ping_status":"closed","template":"","meta":{"ngg_post_thumbnail":0,"footnotes":""},"class_list":["post-85","page","type-page","status-publish","hentry"],"_links":{"self":[{"href":"https:\/\/syrau.de\/drachenhoehle\/wp-json\/wp\/v2\/pages\/85","targetHints":{"allow":["GET"]}}],"collection":[{"href":"https:\/\/syrau.de\/drachenhoehle\/wp-json\/wp\/v2\/pages"}],"about":[{"href":"https:\/\/syrau.de\/drachenhoehle\/wp-json\/wp\/v2\/types\/page"}],"author":[{"embeddable":true,"href":"https:\/\/syrau.de\/drachenhoehle\/wp-json\/wp\/v2\/users\/1"}],"replies":[{"embeddable":true,"href":"https:\/\/syrau.de\/drachenhoehle\/wp-json\/wp\/v2\/comments?post=85"}],"version-history":[{"count":22,"href":"https:\/\/syrau.de\/drachenhoehle\/wp-json\/wp\/v2\/pages\/85\/revisions"}],"predecessor-version":[{"id":2218,"href":"https:\/\/syrau.de\/drachenhoehle\/wp-json\/wp\/v2\/pages\/85\/revisions\/2218"}],"up":[{"embeddable":true,"href":"https:\/\/syrau.de\/drachenhoehle\/wp-json\/wp\/v2\/pages\/43"}],"wp:attachment":[{"href":"https:\/\/syrau.de\/drachenhoehle\/wp-json\/wp\/v2\/media?parent=85"}],"curies":[{"name":"wp","href":"https:\/\/api.w.org\/{rel}","templated":true}]}}