{"id":10,"date":"2017-08-23T14:15:31","date_gmt":"2017-08-23T14:15:31","guid":{"rendered":"http:\/\/syrau.de\/ortschaft\/?page_id=10"},"modified":"2022-10-04T14:19:25","modified_gmt":"2022-10-04T14:19:25","slug":"startseite","status":"publish","type":"page","link":"https:\/\/syrau.de\/ortschaft\/","title":{"rendered":"Ortschaft Syrau"},"content":{"rendered":"<h5><strong>Herzlich Willkommen<br><\/strong><\/h5>\n<p>Syrau &#8211; idyllisch gelegen innerhalb des <span style=\"color: #3366ff;\"><a style=\"color: #3366ff;\" href=\"https:\/\/www.muehlenviertel-vogtland.de\/\" target=\"_blank\" rel=\"noopener noreferrer\">vogtl\u00e4ndischen M\u00fchlenviertel<\/a>,<\/span>laden Rad- und Wanderwege zum<img loading=\"lazy\" decoding=\"async\" class=\"alignright  wp-image-95\" src=\"https:\/\/syrau.de\/ortschaft\/wp-content\/uploads\/syrau2-300x205.jpg\" alt=\"\" width=\"146\" height=\"100\" srcset=\"https:\/\/syrau.de\/ortschaft\/wp-content\/uploads\/syrau2-300x205.jpg 300w, https:\/\/syrau.de\/ortschaft\/wp-content\/uploads\/syrau2.jpg 700w\" sizes=\"auto, (max-width: 146px) 100vw, 146px\" \/> Erkunden der Landschaft ein. In heimischen Gaststuben genie\u00dft man vogtl\u00e4ndische Hausmannskost. Abwechslungsreiche touristische H\u00f6hepunkte sorgen f\u00fcr Kurzweiligkeit. Die offizielle Webseite der Gemeinde Rosenbach\/Vogtl. finden Sie unter <span style=\"color: #3366ff;\"><a style=\"color: #3366ff;\" href=\"https:\/\/www.rosenbach.de\/\" target=\"_blank\" rel=\"noopener noreferrer\">www.rosenbach.de<\/a><\/span><\/p>\n\n\n<h2 class=\"wp-block-heading\"><strong>Booking<\/strong><\/h2>\n\n\n\n    <title>Bookingteaser<\/title>\n    <meta http-equiv=\"Content-Type\" content=\"text\/html; charset=utf-8\">\n    <link rel=\"stylesheet\" href=\"ibe.css\">\n    <link rel=\"stylesheet\" href=\"https:\/\/cdnjs.cloudflare.com\/ajax\/libs\/pickadate.js\/3.5.6\/compressed\/themes\/default.css\">\n    <link rel=\"stylesheet\" href=\"https:\/\/cdnjs.cloudflare.com\/ajax\/libs\/pickadate.js\/3.5.6\/compressed\/themes\/default.date.css\">\n    <script src=\"https:\/\/cdnjs.cloudflare.com\/ajax\/libs\/jquery\/3.2.1\/jquery.min.js\"><\/script>\n    <script src=\"https:\/\/cdnjs.cloudflare.com\/ajax\/libs\/pickadate.js\/3.5.6\/compressed\/picker.js\"><\/script>\n    <script src=\"https:\/\/cdnjs.cloudflare.com\/ajax\/libs\/pickadate.js\/3.5.6\/compressed\/picker.date.js\"><\/script>\n    <script src=\"https:\/\/cdnjs.cloudflare.com\/ajax\/libs\/pickadate.js\/3.5.6\/compressed\/picker.time.js\"><\/script>\n    <!-- ########## SPRACHE \u00e4ndern wenn ben\u00f6tigt ########## -->\n    <script src=\"https:\/\/cdnjs.cloudflare.com\/ajax\/libs\/pickadate.js\/3.5.6\/compressed\/translations\/de_DE.js\"><\/script>\n    <script type=\"text\/javascript\" src=\"ibe.js\"><\/script>\n\n\n    <!--  ########## schnellbuchung start ########## -->\n    <form action=\"https:\/\/buchung.muehlenviertel-vogtland.de\/\" method=\"get\" class=\"ibe-form\">\n        <div class=\"ibe-form__row\">\n            <label for=\"ibe-from\" class=\"ibe-form__label\">Anreise:<\/label>\n            <div class=\"ibe-form__input\">\n                <input name=\"from\" id=\"ibe-from\" type=\"text\" required=\"\">\n            <\/div>\n        <\/div>\n        <div class=\"ibe-form__row\">\n            <label for=\"ibe-to\" class=\"ibe-form__label\">Abreise:<\/label>\n            <div class=\"ibe-form__input\">\n                <input name=\"to\" id=\"ibe-to\" type=\"text\" required=\"\">\n            <\/div>\n        <\/div>\n        <div class=\"ibe-form__row\">\n            <label for=\"ibe-adults\" class=\"ibe-form__label\">Erwachsene:<\/label>\n            <div class=\"ibe-form__input ibe-form__input-range\">\n                <button type=\"button\" value=\"-\" class=\"ibe-button\" data-decrement=\"\">&#8211;<\/button>\n                <input id=\"ibe-adults\" type=\"text\" name=\"adults\" value=\"2\" readonly=\"\">\n                <button type=\"button\" value=\"+\" class=\"ibe-button\" data-increment=\"\">+<\/button>\n            <\/div>\n        <\/div>\n        <div class=\"ibe-children-holder ibe-form__row\">\n            <label for=\"ibe-children\" class=\"ibe-form__label\">Kinder:<\/label>\n            <div class=\"ibe-form__input ibe-form__input-range\">\n                <button type=\"button\" value=\"-\" class=\"ibe-button\" data-decrement=\"\">&#8211;<\/button>\n                <input id=\"ibe-children\" type=\"text\" name=\"children\" value=\"0\" data-children=\"\" readonly=\"\">\n                <button type=\"button\" value=\"+\" class=\"ibe-button\" data-increment=\"\">+<\/button>\n            <\/div>\n        <\/div>\n        <div>\n            <button type=\"submit\" class=\"ibe-button\">Suche starten<\/button>\n        <\/div>\n    <\/form>\n    <!--  ########## schnellbuchung end ########## -->\n\n\n","protected":false},"excerpt":{"rendered":"<p>Herzlich Willkommen Syrau &#8211; idyllisch gelegen innerhalb des vogtl\u00e4ndischen M\u00fchlenviertel,laden Rad- und Wanderwege zum Erkunden der Landschaft ein. In heimischen Gaststuben genie\u00dft man vogtl\u00e4ndische Hausmannskost. Abwechslungsreiche touristische H\u00f6hepunkte sorgen f\u00fcr Kurzweiligkeit. Die offizielle Webseite der Gemeinde Rosenbach\/Vogtl. finden Sie unter www.rosenbach.de Booking Bookingteaser Anreise: Abreise: Erwachsene: &#8211; + Kinder: &#8211; + Suche starten<\/p>\n","protected":false},"author":4,"featured_media":0,"parent":0,"menu_order":0,"comment_status":"closed","ping_status":"closed","template":"","meta":{"footnotes":""},"class_list":["post-10","page","type-page","status-publish","hentry"],"_links":{"self":[{"href":"https:\/\/syrau.de\/ortschaft\/wp-json\/wp\/v2\/pages\/10","targetHints":{"allow":["GET"]}}],"collection":[{"href":"https:\/\/syrau.de\/ortschaft\/wp-json\/wp\/v2\/pages"}],"about":[{"href":"https:\/\/syrau.de\/ortschaft\/wp-json\/wp\/v2\/types\/page"}],"author":[{"embeddable":true,"href":"https:\/\/syrau.de\/ortschaft\/wp-json\/wp\/v2\/users\/4"}],"replies":[{"embeddable":true,"href":"https:\/\/syrau.de\/ortschaft\/wp-json\/wp\/v2\/comments?post=10"}],"version-history":[{"count":18,"href":"https:\/\/syrau.de\/ortschaft\/wp-json\/wp\/v2\/pages\/10\/revisions"}],"predecessor-version":[{"id":226,"href":"https:\/\/syrau.de\/ortschaft\/wp-json\/wp\/v2\/pages\/10\/revisions\/226"}],"wp:attachment":[{"href":"https:\/\/syrau.de\/ortschaft\/wp-json\/wp\/v2\/media?parent=10"}],"curies":[{"name":"wp","href":"https:\/\/api.w.org\/{rel}","templated":true}]}}