{"id":55,"date":"2017-08-25T13:07:12","date_gmt":"2017-08-25T13:07:12","guid":{"rendered":"http:\/\/syrau.de\/ortschaft\/?page_id=55"},"modified":"2022-06-03T14:13:17","modified_gmt":"2022-06-03T14:13:17","slug":"wanderwege-fuer-fuss-rad","status":"publish","type":"page","link":"https:\/\/syrau.de\/ortschaft\/wanderwege-fuer-fuss-rad\/","title":{"rendered":"Wanderwege f\u00fcr Fu\u00df &#038; Rad"},"content":{"rendered":"<p>Viele Wege f\u00fchren durch und um Syrau. Erkundbar zu Fu\u00df oder mit dem Rad, durch W\u00e4lder und Wiesen quer durchs vogtl\u00e4ndische M\u00fchlenviertel&#8230;kommt doch mal vorbei:-)<\/p>\n","protected":false},"excerpt":{"rendered":"<p>Viele Wege f\u00fchren durch und um Syrau. Erkundbar zu Fu\u00df oder mit dem Rad, durch W\u00e4lder und Wiesen quer durchs vogtl\u00e4ndische M\u00fchlenviertel&#8230;kommt doch mal vorbei:-)<\/p>\n","protected":false},"author":4,"featured_media":0,"parent":0,"menu_order":0,"comment_status":"closed","ping_status":"closed","template":"","meta":{"footnotes":""},"class_list":["post-55","page","type-page","status-publish","hentry"],"_links":{"self":[{"href":"https:\/\/syrau.de\/ortschaft\/wp-json\/wp\/v2\/pages\/55","targetHints":{"allow":["GET"]}}],"collection":[{"href":"https:\/\/syrau.de\/ortschaft\/wp-json\/wp\/v2\/pages"}],"about":[{"href":"https:\/\/syrau.de\/ortschaft\/wp-json\/wp\/v2\/types\/page"}],"author":[{"embeddable":true,"href":"https:\/\/syrau.de\/ortschaft\/wp-json\/wp\/v2\/users\/4"}],"replies":[{"embeddable":true,"href":"https:\/\/syrau.de\/ortschaft\/wp-json\/wp\/v2\/comments?post=55"}],"version-history":[{"count":4,"href":"https:\/\/syrau.de\/ortschaft\/wp-json\/wp\/v2\/pages\/55\/revisions"}],"predecessor-version":[{"id":180,"href":"https:\/\/syrau.de\/ortschaft\/wp-json\/wp\/v2\/pages\/55\/revisions\/180"}],"wp:attachment":[{"href":"https:\/\/syrau.de\/ortschaft\/wp-json\/wp\/v2\/media?parent=55"}],"curies":[{"name":"wp","href":"https:\/\/api.w.org\/{rel}","templated":true}]}}