{"id":12,"date":"2017-08-14T11:19:14","date_gmt":"2017-08-14T11:19:14","guid":{"rendered":"http:\/\/syrau.de\/windmuehle\/?page_id=12"},"modified":"2026-04-08T12:17:11","modified_gmt":"2026-04-08T12:17:11","slug":"startseite","status":"publish","type":"page","link":"https:\/\/syrau.de\/windmuehle\/","title":{"rendered":"Nostalgische Zeitzeugin"},"content":{"rendered":"\n<h2 class=\"wp-block-heading has-text-align-center\"><span style=\"color: #ff0000;\"><strong>VOM 07. &#8211; 12.04. T\u00c4GLICH 13-16 UHR GE\u00d6FFNET!<\/strong><\/span><\/h2>\n\n\n\n<p><em><span style=\"color: #ff6600;\"><strong>Save the Date: M\u00fchlenkonzerte am 11. und 12. September &#8211; Reservierung erforderlich!<\/strong><\/span><\/em><\/p>\n\n\n\n<p><strong>Windm\u00fchle Syrau \u2013 die einzige Windm\u00fchle des Vogtlands<br><span style=\"color: #99cc00;\"><em>F\u00fchrung f\u00fcr Gruppen auf Anmeldung-037431\/3735<\/em><\/span><br><\/strong><\/p>\n\n\n\n<p>Wissen Sie eigentlich, wie eine Windm\u00fchle funktioniert?<\/p>\n\n\n\n<p>In der Windm\u00fchle Syrau wird Ihnen diese Frage und noch viele weitere beantwortet.<\/p>\n\n\n\n<p>Auf einem Rundgang durch das historische Geb\u00e4ude erfahren Sie dabei nicht nur viel Wissenswertes \u00fcber die ausgekl\u00fcgelte Funktionsweise einer M\u00fchle, sondern k\u00f6nnen zudem einen einzigartigen Einblick in die Lebens- und Arbeitswelt eines M\u00fcllers gewinnen.<\/p>\n\n\n\n<p>Als technisches Denkmal stellt die Windm\u00fchle mit ihrem h\u00f6lzernen Getriebe, den riesigen Zahnr\u00e4dern und durchdachten Funktionsabl\u00e4ufen ein beeindruckendes Zeugnis vergangener M\u00fchlenbaukunst dar.Seit kurzem restauriert, gew\u00e4hrt sie wieder einen authentischen Eindruck der Bl\u00fcte des M\u00fcllerhandwerks in den damaligen Tagen. <em>\u00dcbrigens ist diese M\u00fchle eine Station der &#8222;M\u00fchlentour zur Silberstra\u00dfe&#8220;.<\/em><\/p>\n\n\n\n<p>Begeben Sie sich mit uns auf die Spuren des M\u00fcllers und erleben sie Geschichte hautnah &#8211; in der einzigen verbliebenen Windm\u00fchle des Vogtlandes!<\/p>\n\n\n\n<p><\/p>\n","protected":false},"excerpt":{"rendered":"<p>VOM 07. &#8211; 12.04. T\u00c4GLICH 13-16 UHR GE\u00d6FFNET! Save the Date: M\u00fchlenkonzerte am 11. und 12. September &#8211; Reservierung erforderlich! Windm\u00fchle Syrau \u2013 die einzige Windm\u00fchle des VogtlandsF\u00fchrung f\u00fcr Gruppen auf Anmeldung-037431\/3735 Wissen Sie eigentlich, wie eine Windm\u00fchle funktioniert? In der Windm\u00fchle Syrau wird Ihnen diese Frage und noch viele weitere beantwortet. Auf einem Rundgang &hellip; <\/p>\n<p class=\"link-more\"><a href=\"https:\/\/syrau.de\/windmuehle\/\" class=\"more-link\"><span class=\"screen-reader-text\">\u201eNostalgische Zeitzeugin\u201c <\/span>weiterlesen<\/a><\/p>\n","protected":false},"author":1,"featured_media":0,"parent":0,"menu_order":0,"comment_status":"closed","ping_status":"closed","template":"","meta":{"ngg_post_thumbnail":0,"footnotes":""},"class_list":["post-12","page","type-page","status-publish","hentry"],"_links":{"self":[{"href":"https:\/\/syrau.de\/windmuehle\/wp-json\/wp\/v2\/pages\/12","targetHints":{"allow":["GET"]}}],"collection":[{"href":"https:\/\/syrau.de\/windmuehle\/wp-json\/wp\/v2\/pages"}],"about":[{"href":"https:\/\/syrau.de\/windmuehle\/wp-json\/wp\/v2\/types\/page"}],"author":[{"embeddable":true,"href":"https:\/\/syrau.de\/windmuehle\/wp-json\/wp\/v2\/users\/1"}],"replies":[{"embeddable":true,"href":"https:\/\/syrau.de\/windmuehle\/wp-json\/wp\/v2\/comments?post=12"}],"version-history":[{"count":56,"href":"https:\/\/syrau.de\/windmuehle\/wp-json\/wp\/v2\/pages\/12\/revisions"}],"predecessor-version":[{"id":566,"href":"https:\/\/syrau.de\/windmuehle\/wp-json\/wp\/v2\/pages\/12\/revisions\/566"}],"wp:attachment":[{"href":"https:\/\/syrau.de\/windmuehle\/wp-json\/wp\/v2\/media?parent=12"}],"curies":[{"name":"wp","href":"https:\/\/api.w.org\/{rel}","templated":true}]}}