{"id":14,"date":"2017-08-14T11:20:22","date_gmt":"2017-08-14T11:20:22","guid":{"rendered":"http:\/\/syrau.de\/windmuehle\/?page_id=14"},"modified":"2024-08-22T15:10:32","modified_gmt":"2024-08-22T15:10:32","slug":"preise","status":"publish","type":"page","link":"https:\/\/syrau.de\/windmuehle\/preise\/","title":{"rendered":"Preise"},"content":{"rendered":"<table border=\"0\" width=\"390\">\n<tbody>\n<tr>\n<td>Erwachsene<\/td>\n<td>4,00 \u20ac<\/td>\n<\/tr>\n<tr>\n<td>Kinder (4-14 Jahre)<\/td>\n<td>3,50 \u20ac<\/td>\n<\/tr>\n<tr>\n<td>Schwerbesch\u00e4digte<\/td>\n<td>3,50 \u20ac<\/td>\n<\/tr>\n<tr>\n<td>&nbsp;&nbsp;&nbsp;<strong>Gruppenpreise f\u00fcr Gruppen ab 15 Personen<\/strong><\/td>\n<td>&nbsp;<\/td>\n<\/tr>\n<tr>\n<td>Erwachsene<\/td>\n<td>3,50 \u20ac<\/td>\n<\/tr>\n<tr>\n<td>Kinder<\/td>\n<td>2,50 \u20ac<\/td>\n<\/tr>\n<\/tbody>\n<\/table>\n<p><strong>Gruppen mit Interesse an einem M\u00fchlenbesuch (auch au\u00dferhalb der \u00d6ffnungszeiten) bitten wir um Anmeldung&nbsp; in der Drachenh\u00f6hle unter 037431 3735.<\/strong><\/p>\n<p><strong>Preise f\u00fcr Projekte <span style=\"color: #ff0000;\">(NEU AB 2023)<\/span><br \/>\n<\/strong><\/p>\n<p>&#8222;Ich m\u00f6cht so gern mal M\u00fcller sein&#8220;&nbsp; bis 14 Kinder 84,00 \u20ac, jedes weiter Kind 7 \u20ac<\/p>\n<p>&#8222;Vom Korn zum Brot&#8220;&nbsp;&nbsp;&nbsp;&nbsp;&nbsp;&nbsp;&nbsp;&nbsp;&nbsp;&nbsp;&nbsp;&nbsp;&nbsp;&nbsp;&nbsp;&nbsp;&nbsp;&nbsp;&nbsp;&nbsp;&nbsp;&nbsp;&nbsp; &nbsp; &nbsp; &nbsp; &nbsp; bis 14 Kinder 98,00 \u20ac, jedes weiter Kind 7 \u20ac<\/p>\n","protected":false},"excerpt":{"rendered":"<p>Erwachsene 4,00 \u20ac Kinder (4-14 Jahre) 3,50 \u20ac Schwerbesch\u00e4digte 3,50 \u20ac &nbsp;&nbsp;&nbsp;Gruppenpreise f\u00fcr Gruppen ab 15 Personen &nbsp; Erwachsene 3,50 \u20ac Kinder 2,50 \u20ac Gruppen mit Interesse an einem M\u00fchlenbesuch (auch au\u00dferhalb der \u00d6ffnungszeiten) bitten wir um Anmeldung&nbsp; in der Drachenh\u00f6hle unter 037431 3735. Preise f\u00fcr Projekte (NEU AB 2023) &#8222;Ich m\u00f6cht so gern mal &hellip; <\/p>\n<p class=\"link-more\"><a href=\"https:\/\/syrau.de\/windmuehle\/preise\/\" class=\"more-link\"><span class=\"screen-reader-text\">\u201ePreise\u201c <\/span>weiterlesen<\/a><\/p>\n","protected":false},"author":1,"featured_media":0,"parent":0,"menu_order":1,"comment_status":"closed","ping_status":"closed","template":"","meta":{"ngg_post_thumbnail":0,"footnotes":""},"class_list":["post-14","page","type-page","status-publish","hentry"],"_links":{"self":[{"href":"https:\/\/syrau.de\/windmuehle\/wp-json\/wp\/v2\/pages\/14","targetHints":{"allow":["GET"]}}],"collection":[{"href":"https:\/\/syrau.de\/windmuehle\/wp-json\/wp\/v2\/pages"}],"about":[{"href":"https:\/\/syrau.de\/windmuehle\/wp-json\/wp\/v2\/types\/page"}],"author":[{"embeddable":true,"href":"https:\/\/syrau.de\/windmuehle\/wp-json\/wp\/v2\/users\/1"}],"replies":[{"embeddable":true,"href":"https:\/\/syrau.de\/windmuehle\/wp-json\/wp\/v2\/comments?post=14"}],"version-history":[{"count":8,"href":"https:\/\/syrau.de\/windmuehle\/wp-json\/wp\/v2\/pages\/14\/revisions"}],"predecessor-version":[{"id":501,"href":"https:\/\/syrau.de\/windmuehle\/wp-json\/wp\/v2\/pages\/14\/revisions\/501"}],"wp:attachment":[{"href":"https:\/\/syrau.de\/windmuehle\/wp-json\/wp\/v2\/media?parent=14"}],"curies":[{"name":"wp","href":"https:\/\/api.w.org\/{rel}","templated":true}]}}