{"id":156,"date":"2017-09-20T13:09:25","date_gmt":"2017-09-20T13:09:25","guid":{"rendered":"https:\/\/syrau.de\/windmuehle\/?page_id=156"},"modified":"2023-05-24T14:16:06","modified_gmt":"2023-05-24T14:16:06","slug":"ewig-wie-der-muehle-stein","status":"publish","type":"page","link":"https:\/\/syrau.de\/windmuehle\/highlights\/ewig-wie-der-muehle-stein\/","title":{"rendered":"Ewig wie der M\u00fchle Stein"},"content":{"rendered":"<p>Heiraten auf dem h\u00f6chsten Punkt Syraus&#8230;<\/p>\n<p>&nbsp;Hier finden Sie einen ungew\u00f6hnlichen Ort f\u00fcr Ihr Versprechen. Rustikal, zwischen Mahlstein und Mehlsack, erleben Sie ein au\u00dfergew\u00f6hnliches Ambiente. Machen Sie diesen Tag f\u00fcr sich und Ihre G\u00e4ste unvergesslich.<\/p>\n<p>In der Windm\u00fchle Syrau sind seit 2017 standesamtliche Trauungen m\u00f6glich. Bitte nehmen Sie zwecks Terminabsprache Kontakt mit uns auf (037431\/3735).<\/p>\n<ul>\n<li>Sonstiges:<br \/>\n&#8211; ab 450 \u20ac +&nbsp; Kosten Standesamt (unterschiedlich!)<br \/>\n&#8211; enthalten sind im Preis: gesamte Dekoration, Musik, 1 Glas Sekt zum&nbsp;&nbsp; Ansto\u00dfen p. P., \u00dcberraschung f\u00fcr Brautpaar<\/li>\n<\/ul>\n<p>&nbsp;<\/p>\n<p>&nbsp;<\/p>\n","protected":false},"excerpt":{"rendered":"<p>Heiraten auf dem h\u00f6chsten Punkt Syraus&#8230; &nbsp;Hier finden Sie einen ungew\u00f6hnlichen Ort f\u00fcr Ihr Versprechen. Rustikal, zwischen Mahlstein und Mehlsack, erleben Sie ein au\u00dfergew\u00f6hnliches Ambiente. Machen Sie diesen Tag f\u00fcr sich und Ihre G\u00e4ste unvergesslich. In der Windm\u00fchle Syrau sind seit 2017 standesamtliche Trauungen m\u00f6glich. Bitte nehmen Sie zwecks Terminabsprache Kontakt mit uns auf (037431\/3735). &hellip; <\/p>\n<p class=\"link-more\"><a href=\"https:\/\/syrau.de\/windmuehle\/highlights\/ewig-wie-der-muehle-stein\/\" class=\"more-link\"><span class=\"screen-reader-text\">\u201eEwig wie der M\u00fchle Stein\u201c <\/span>weiterlesen<\/a><\/p>\n","protected":false},"author":3,"featured_media":0,"parent":16,"menu_order":7,"comment_status":"closed","ping_status":"closed","template":"","meta":{"ngg_post_thumbnail":0,"footnotes":""},"class_list":["post-156","page","type-page","status-publish","hentry"],"_links":{"self":[{"href":"https:\/\/syrau.de\/windmuehle\/wp-json\/wp\/v2\/pages\/156","targetHints":{"allow":["GET"]}}],"collection":[{"href":"https:\/\/syrau.de\/windmuehle\/wp-json\/wp\/v2\/pages"}],"about":[{"href":"https:\/\/syrau.de\/windmuehle\/wp-json\/wp\/v2\/types\/page"}],"author":[{"embeddable":true,"href":"https:\/\/syrau.de\/windmuehle\/wp-json\/wp\/v2\/users\/3"}],"replies":[{"embeddable":true,"href":"https:\/\/syrau.de\/windmuehle\/wp-json\/wp\/v2\/comments?post=156"}],"version-history":[{"count":3,"href":"https:\/\/syrau.de\/windmuehle\/wp-json\/wp\/v2\/pages\/156\/revisions"}],"predecessor-version":[{"id":441,"href":"https:\/\/syrau.de\/windmuehle\/wp-json\/wp\/v2\/pages\/156\/revisions\/441"}],"up":[{"embeddable":true,"href":"https:\/\/syrau.de\/windmuehle\/wp-json\/wp\/v2\/pages\/16"}],"wp:attachment":[{"href":"https:\/\/syrau.de\/windmuehle\/wp-json\/wp\/v2\/media?parent=156"}],"curies":[{"name":"wp","href":"https:\/\/api.w.org\/{rel}","templated":true}]}}