{"id":16,"date":"2017-08-14T13:26:32","date_gmt":"2017-08-14T13:26:32","guid":{"rendered":"http:\/\/syrau.de\/windmuehle\/?page_id=16"},"modified":"2017-09-20T13:12:09","modified_gmt":"2017-09-20T13:12:09","slug":"highlights","status":"publish","type":"page","link":"https:\/\/syrau.de\/windmuehle\/highlights\/","title":{"rendered":"Highlights"},"content":{"rendered":"<p><a href=\"https:\/\/syrau.de\/windmuehle\/highlights\/fluegeldrehtage\/\">Erleben Sie die M\u00fchle in Aktion zu den Fl\u00fcgeldrehtagen.<\/a> Wir bieten tolle <a href=\"https:\/\/syrau.de\/windmuehle\/highlights\/auf-muellers-spuren\/\">Projekte f\u00fcr Kinder zum M\u00fcllerhandwerk an<\/a>. Oder <a href=\"https:\/\/syrau.de\/windmuehle\/ewig-wie-der-muehle-stein\/\">sagen Sie JA zwischen Mahlstein und Mehlsack.<\/a><\/p>\nngg_shortcode_0_placeholder\n<p>&nbsp;<\/p>\n","protected":false},"excerpt":{"rendered":"<p>Erleben Sie die M\u00fchle in Aktion zu den Fl\u00fcgeldrehtagen. Wir bieten tolle Projekte f\u00fcr Kinder zum M\u00fcllerhandwerk an. Oder sagen Sie JA zwischen Mahlstein und Mehlsack. &#8220; order_by=&#8220;sortorder&#8220; order_direction=&#8220;ASC&#8220; returns=&#8220;included&#8220; maximum_entity_count=&#8220;500&#8243;] &nbsp;<\/p>\n","protected":false},"author":1,"featured_media":0,"parent":0,"menu_order":4,"comment_status":"closed","ping_status":"closed","template":"","meta":{"ngg_post_thumbnail":0,"footnotes":""},"class_list":["post-16","page","type-page","status-publish","hentry"],"_links":{"self":[{"href":"https:\/\/syrau.de\/windmuehle\/wp-json\/wp\/v2\/pages\/16","targetHints":{"allow":["GET"]}}],"collection":[{"href":"https:\/\/syrau.de\/windmuehle\/wp-json\/wp\/v2\/pages"}],"about":[{"href":"https:\/\/syrau.de\/windmuehle\/wp-json\/wp\/v2\/types\/page"}],"author":[{"embeddable":true,"href":"https:\/\/syrau.de\/windmuehle\/wp-json\/wp\/v2\/users\/1"}],"replies":[{"embeddable":true,"href":"https:\/\/syrau.de\/windmuehle\/wp-json\/wp\/v2\/comments?post=16"}],"version-history":[{"count":7,"href":"https:\/\/syrau.de\/windmuehle\/wp-json\/wp\/v2\/pages\/16\/revisions"}],"predecessor-version":[{"id":158,"href":"https:\/\/syrau.de\/windmuehle\/wp-json\/wp\/v2\/pages\/16\/revisions\/158"}],"wp:attachment":[{"href":"https:\/\/syrau.de\/windmuehle\/wp-json\/wp\/v2\/media?parent=16"}],"curies":[{"name":"wp","href":"https:\/\/api.w.org\/{rel}","templated":true}]}}