{"id":21,"date":"2017-08-14T13:03:00","date_gmt":"2017-08-14T13:03:00","guid":{"rendered":"http:\/\/syrau.de\/windmuehle\/?page_id=21"},"modified":"2017-08-14T13:03:00","modified_gmt":"2017-08-14T13:03:00","slug":"geschichte","status":"publish","type":"page","link":"https:\/\/syrau.de\/windmuehle\/geschichte\/","title":{"rendered":"Geschichte"},"content":{"rendered":"<p><strong>Wie alles begann\u2026<\/strong><\/p>\n<p>Dem damaligen Trend folgend, von Wasserm\u00fchlen auf Windm\u00fchlen umzusteigen, errichtete 1851 der M\u00fcller Johann Gottlieb Eisenschmidt an der Stra\u00dfe nach Kauschwitz eine h\u00f6lzerne Bockwindm\u00fchle mit M\u00fcllerhaus, die aber bereits 1864 abbrannte.<\/p>\n<p>Der damalige Besitzer Schlott suchte dann einen Platz, an dem die Windverh\u00e4ltnisse besser waren und fand ihn auf der H\u00f6he 489, der Drachenburg. Er baute eine h\u00f6lzerne Holl\u00e4nderm\u00fchle mit M\u00fcllerhaus.<\/p>\n<p>1883 wurde die M\u00fchle von Gustav Seyfarth erworben, der vielf\u00e4ltige Kenntnisse im v\u00e4terlichen M\u00fchlenbetrieb erworben hatte. Er modernisierte die M\u00fchle von Grund auf.<\/p>\n<p>Im gewitterreichen Sommer 1887 wurde diese allerdings vom Blitz getroffen und brannte ebenfalls vollst\u00e4ndig nieder.<\/p>\n<p>Noch im Herbst begann Seyfarth mit dem Bau der neuen neun Meter hohen Windm\u00fchle.<\/p>\n<p>Die m\u00e4chtigen Ruten, so nennt der M\u00fcller die Fl\u00fcgel, waren ebenfalls neun Meter lang und gingen nur wenig \u00fcber der Erde vorbei. Die Kraft der Ruten wird durch das riesige Winkelgetriebe im Dach auf die K\u00f6nigswelle, das Herzst\u00fcck, \u00fcbertragen. Diese treibt nicht nur die beiden Mahlg\u00e4nge an, sondern auch alle Ger\u00e4te der M\u00fchle.<\/p>\n<p>Um den Wind optimal zu nutzen ist das Dach drehbar auf Rollen gelagert, wodurch die Ruten mit dem Dach in den Wind gedreht werden k\u00f6nnen.<\/p>\n<p>Insgesamt besteht das Getriebe mit nur wenigen Ausnahmen aus Holz und stellt eine\u00a0 Sehensw\u00fcrdigkeit der besonderen Art dar.<\/p>\n<p>Bis 1929 wurde die Windm\u00fchle aktiv betrieben; seit dem steht sie allerdings still.<\/p>\n<p>1982 wurde Sie dann als technisches Museum f\u00fcr die Besucher zug\u00e4nglich gemacht. Heute ist die Syrauer Windm\u00fchle die einzige noch erhaltene Windm\u00fchle im Vogtland.<\/p>\n<p>2008 &#8211; 2010 wurde die M\u00fchle vollst\u00e4ndig restauriert, sodass sowohl die Fassade als auch die neue Ausstellung im Inneren wieder einen authentischen Eindruck \u00fcber das fr\u00fchere M\u00fcllerhandwerk vermitteln.<\/p>\n<p>Nach weiteren Instandsetzungsarbeiten des Getriebes drehen sich die M\u00fchlenfl\u00fcgel wieder\u00a0 und auch die anderen Teile der M\u00fchle werden teilweise wieder funktionsf\u00e4hig sein.<\/p>\n","protected":false},"excerpt":{"rendered":"<p>Wie alles begann\u2026 Dem damaligen Trend folgend, von Wasserm\u00fchlen auf Windm\u00fchlen umzusteigen, errichtete 1851 der M\u00fcller Johann Gottlieb Eisenschmidt an der Stra\u00dfe nach Kauschwitz eine h\u00f6lzerne Bockwindm\u00fchle mit M\u00fcllerhaus, die aber bereits 1864 abbrannte. Der damalige Besitzer Schlott suchte dann einen Platz, an dem die Windverh\u00e4ltnisse besser waren und fand ihn auf der H\u00f6he 489, &hellip; <\/p>\n<p class=\"link-more\"><a href=\"https:\/\/syrau.de\/windmuehle\/geschichte\/\" class=\"more-link\"><span class=\"screen-reader-text\">\u201eGeschichte\u201c <\/span>weiterlesen<\/a><\/p>\n","protected":false},"author":1,"featured_media":0,"parent":0,"menu_order":6,"comment_status":"closed","ping_status":"closed","template":"","meta":{"ngg_post_thumbnail":0,"footnotes":""},"class_list":["post-21","page","type-page","status-publish","hentry"],"_links":{"self":[{"href":"https:\/\/syrau.de\/windmuehle\/wp-json\/wp\/v2\/pages\/21","targetHints":{"allow":["GET"]}}],"collection":[{"href":"https:\/\/syrau.de\/windmuehle\/wp-json\/wp\/v2\/pages"}],"about":[{"href":"https:\/\/syrau.de\/windmuehle\/wp-json\/wp\/v2\/types\/page"}],"author":[{"embeddable":true,"href":"https:\/\/syrau.de\/windmuehle\/wp-json\/wp\/v2\/users\/1"}],"replies":[{"embeddable":true,"href":"https:\/\/syrau.de\/windmuehle\/wp-json\/wp\/v2\/comments?post=21"}],"version-history":[{"count":1,"href":"https:\/\/syrau.de\/windmuehle\/wp-json\/wp\/v2\/pages\/21\/revisions"}],"predecessor-version":[{"id":22,"href":"https:\/\/syrau.de\/windmuehle\/wp-json\/wp\/v2\/pages\/21\/revisions\/22"}],"wp:attachment":[{"href":"https:\/\/syrau.de\/windmuehle\/wp-json\/wp\/v2\/media?parent=21"}],"curies":[{"name":"wp","href":"https:\/\/api.w.org\/{rel}","templated":true}]}}