{"id":40,"date":"2017-08-15T15:14:48","date_gmt":"2017-08-15T15:14:48","guid":{"rendered":"http:\/\/syrau.de\/windmuehle\/?page_id=40"},"modified":"2025-04-14T12:38:31","modified_gmt":"2025-04-14T12:38:31","slug":"auf-muellers-spuren","status":"publish","type":"page","link":"https:\/\/syrau.de\/windmuehle\/highlights\/auf-muellers-spuren\/","title":{"rendered":"Auf M\u00fcllers Spuren&#8230;"},"content":{"rendered":"<p>Staunend vor riesigen Mahlsteinen, mit M\u00fcllerskleidung und mehligen H\u00e4nden erfahren die J\u00fcngsten, was zu einem M\u00fcller dazu geh\u00f6rte. Egal ob Schulklasse, Kindergeburtstag oder Ferienausflug, ein &#8222;Echt-Zeit-Lernort&#8220; pr\u00e4gt sich ein. Daf\u00fcr bieten wir 2 erlebnisreiche Projekte an, die jedoch nur nach Anmeldung durchgef\u00fchrt werden (037431\/3735).<\/p>\n<p><strong>&#8222;Ich m\u00f6cht so gern mal M\u00fcller sein&#8230;.&#8220;<\/strong> &nbsp;&nbsp;&nbsp;&nbsp;&nbsp;&nbsp;&nbsp;&nbsp;&nbsp;&nbsp;&nbsp; oder&nbsp;&nbsp;&nbsp;&nbsp;&nbsp;&nbsp;&nbsp;&nbsp;&nbsp;&nbsp;&nbsp; <strong>&#8222;Vom Korn zum Brot&#8220;<\/strong><\/p>\n<p><strong><span style=\"color: #ff0000;\">Preise ab 2023:<\/span> <\/strong><br \/>\n&#8222;M\u00fcller sein&#8220; bis 12 Kinder 84 \u20ac, jedes weitere 7\u20ac<br \/>\n&#8222;Vom Korn zum Brot&#8220; bis 14 Kinder 98 \u20ac, jedes weitere 7\u20ac<\/p>\n<p>Wir freuen uns auf viele kleine M\u00fcller und M\u00fcllerinnen.<\/p>\n<p>F\u00fcr Kinderg\u00e4rten und Schulklassen besteht ab 2025 die M\u00f6glichkeit einer F\u00f6rderung \u00fcber &#8222;Kulturpass&#8217;t&#8220;. Mehr Informationen <a href=\"https:\/\/www.kulturpasst.de\/de\/application\">hier<\/a>.<\/p>\nngg_shortcode_0_placeholder\n","protected":false},"excerpt":{"rendered":"<p>Staunend vor riesigen Mahlsteinen, mit M\u00fcllerskleidung und mehligen H\u00e4nden erfahren die J\u00fcngsten, was zu einem M\u00fcller dazu geh\u00f6rte. Egal ob Schulklasse, Kindergeburtstag oder Ferienausflug, ein &#8222;Echt-Zeit-Lernort&#8220; pr\u00e4gt sich ein. Daf\u00fcr bieten wir 2 erlebnisreiche Projekte an, die jedoch nur nach Anmeldung durchgef\u00fchrt werden (037431\/3735). &#8222;Ich m\u00f6cht so gern mal M\u00fcller sein&#8230;.&#8220; &nbsp;&nbsp;&nbsp;&nbsp;&nbsp;&nbsp;&nbsp;&nbsp;&nbsp;&nbsp;&nbsp; oder&nbsp;&nbsp;&nbsp;&nbsp;&nbsp;&nbsp;&nbsp;&nbsp;&nbsp;&nbsp;&nbsp; &#8222;Vom Korn &hellip; <\/p>\n<p class=\"link-more\"><a href=\"https:\/\/syrau.de\/windmuehle\/highlights\/auf-muellers-spuren\/\" class=\"more-link\"><span class=\"screen-reader-text\">\u201eAuf M\u00fcllers Spuren&#8230;\u201c <\/span>weiterlesen<\/a><\/p>\n","protected":false},"author":1,"featured_media":0,"parent":16,"menu_order":20,"comment_status":"closed","ping_status":"closed","template":"","meta":{"ngg_post_thumbnail":0,"footnotes":""},"class_list":["post-40","page","type-page","status-publish","hentry"],"_links":{"self":[{"href":"https:\/\/syrau.de\/windmuehle\/wp-json\/wp\/v2\/pages\/40","targetHints":{"allow":["GET"]}}],"collection":[{"href":"https:\/\/syrau.de\/windmuehle\/wp-json\/wp\/v2\/pages"}],"about":[{"href":"https:\/\/syrau.de\/windmuehle\/wp-json\/wp\/v2\/types\/page"}],"author":[{"embeddable":true,"href":"https:\/\/syrau.de\/windmuehle\/wp-json\/wp\/v2\/users\/1"}],"replies":[{"embeddable":true,"href":"https:\/\/syrau.de\/windmuehle\/wp-json\/wp\/v2\/comments?post=40"}],"version-history":[{"count":10,"href":"https:\/\/syrau.de\/windmuehle\/wp-json\/wp\/v2\/pages\/40\/revisions"}],"predecessor-version":[{"id":519,"href":"https:\/\/syrau.de\/windmuehle\/wp-json\/wp\/v2\/pages\/40\/revisions\/519"}],"up":[{"embeddable":true,"href":"https:\/\/syrau.de\/windmuehle\/wp-json\/wp\/v2\/pages\/16"}],"wp:attachment":[{"href":"https:\/\/syrau.de\/windmuehle\/wp-json\/wp\/v2\/media?parent=40"}],"curies":[{"name":"wp","href":"https:\/\/api.w.org\/{rel}","templated":true}]}}