{"id":65,"date":"2017-08-23T15:06:51","date_gmt":"2017-08-23T15:06:51","guid":{"rendered":"http:\/\/syrau.de\/windmuehle\/?page_id=65"},"modified":"2022-05-22T13:10:29","modified_gmt":"2022-05-22T13:10:29","slug":"uvodni-stranka","status":"publish","type":"page","link":"https:\/\/syrau.de\/windmuehle\/cs\/uvodni-stranka\/","title":{"rendered":"\u010dist\u00e1 nostalgie"},"content":{"rendered":"\n<p>T\u0159\u00edpatrov\u00fd v\u011btrn\u00fd ml\u00fdn holandsk\u00e9ho typu byl postaven v roce 1887. Po ukon\u010den\u00ed  byl p\u0159estav\u011bn na muzeum. Jedn\u00e1 se o centr\u00e1ln\u00ed stavbu z&nbsp;om\u00edtan\u00e9ho kv\u00e1drov\u00e9ho zdiva na kruhov\u00e9m p\u016fdorysu pod ku\u017eelovou st\u0159echou.<\/p>\n\n\n\n<p>Nav\u0161tivte technick\u00e9 mistrovsk\u00e9 d\u00edlo Vogtlandu.<\/p>\n","protected":false},"excerpt":{"rendered":"<p>T\u0159\u00edpatrov\u00fd v\u011btrn\u00fd ml\u00fdn holandsk\u00e9ho typu byl postaven v roce 1887. Po ukon\u010den\u00ed byl p\u0159estav\u011bn na muzeum. Jedn\u00e1 se o centr\u00e1ln\u00ed stavbu z&nbsp;om\u00edtan\u00e9ho kv\u00e1drov\u00e9ho zdiva na kruhov\u00e9m p\u016fdorysu pod ku\u017eelovou st\u0159echou. Nav\u0161tivte technick\u00e9 mistrovsk\u00e9 d\u00edlo Vogtlandu.<\/p>\n","protected":false},"author":1,"featured_media":0,"parent":0,"menu_order":0,"comment_status":"closed","ping_status":"closed","template":"","meta":{"ngg_post_thumbnail":0,"footnotes":""},"class_list":["post-65","page","type-page","status-publish","hentry"],"_links":{"self":[{"href":"https:\/\/syrau.de\/windmuehle\/wp-json\/wp\/v2\/pages\/65","targetHints":{"allow":["GET"]}}],"collection":[{"href":"https:\/\/syrau.de\/windmuehle\/wp-json\/wp\/v2\/pages"}],"about":[{"href":"https:\/\/syrau.de\/windmuehle\/wp-json\/wp\/v2\/types\/page"}],"author":[{"embeddable":true,"href":"https:\/\/syrau.de\/windmuehle\/wp-json\/wp\/v2\/users\/1"}],"replies":[{"embeddable":true,"href":"https:\/\/syrau.de\/windmuehle\/wp-json\/wp\/v2\/comments?post=65"}],"version-history":[{"count":7,"href":"https:\/\/syrau.de\/windmuehle\/wp-json\/wp\/v2\/pages\/65\/revisions"}],"predecessor-version":[{"id":369,"href":"https:\/\/syrau.de\/windmuehle\/wp-json\/wp\/v2\/pages\/65\/revisions\/369"}],"wp:attachment":[{"href":"https:\/\/syrau.de\/windmuehle\/wp-json\/wp\/v2\/media?parent=65"}],"curies":[{"name":"wp","href":"https:\/\/api.w.org\/{rel}","templated":true}]}}